{"id":1721,"date":"2022-02-17T18:33:19","date_gmt":"2022-02-17T16:33:19","guid":{"rendered":"https:\/\/help.icuserver.com\/?page_id=1721"},"modified":"2026-03-16T11:50:12","modified_gmt":"2026-03-16T09:50:12","slug":"b2b","status":"publish","type":"page","link":"https:\/\/help.icuserver.com\/en\/b2b","title":{"rendered":"Become a dealer\/partner"},"content":{"rendered":"\t\t<div data-elementor-type=\"wp-page\" data-elementor-id=\"1721\" class=\"elementor elementor-1721\" data-elementor-post-type=\"page\">\n\t\t\t\t\t\t<section class=\"elementor-section elementor-top-section elementor-element elementor-element-5f63b32 elementor-section-boxed elementor-section-height-default elementor-section-height-default\" data-id=\"5f63b32\" data-element_type=\"section\" data-e-type=\"section\">\n\t\t\t\t\t\t<div class=\"elementor-container elementor-column-gap-default\">\n\t\t\t\t\t<div class=\"elementor-column elementor-col-100 elementor-top-column elementor-element elementor-element-8bcc1ba\" data-id=\"8bcc1ba\" data-element_type=\"column\" data-e-type=\"column\">\n\t\t\t<div class=\"elementor-widget-wrap elementor-element-populated\">\n\t\t\t\t\t\t<section class=\"elementor-section elementor-inner-section elementor-element elementor-element-855b1ce elementor-section-boxed elementor-section-height-default elementor-section-height-default\" data-id=\"855b1ce\" data-element_type=\"section\" data-e-type=\"section\">\n\t\t\t\t\t\t<div class=\"elementor-container elementor-column-gap-default\">\n\t\t\t\t\t<div class=\"elementor-column elementor-col-100 elementor-inner-column elementor-element elementor-element-2dac38f\" data-id=\"2dac38f\" data-element_type=\"column\" data-e-type=\"column\">\n\t\t\t<div class=\"elementor-widget-wrap elementor-element-populated\">\n\t\t\t\t\t\t<div class=\"elementor-element elementor-element-2425914 elementor-widget elementor-widget-heading\" data-id=\"2425914\" data-element_type=\"widget\" data-e-type=\"widget\" data-widget_type=\"heading.default\">\n\t\t\t\t<div class=\"elementor-widget-container\">\n\t\t\t\t\t<h1 class=\"elementor-heading-title elementor-size-default\">Autorisierter H\u00e4ndler bzw. Partner werden<\/h1>\t\t\t\t<\/div>\n\t\t\t\t<\/div>\n\t\t\t\t<div class=\"elementor-element elementor-element-0824248 elementor-widget elementor-widget-text-editor\" data-id=\"0824248\" data-element_type=\"widget\" data-e-type=\"widget\" data-widget_type=\"text-editor.default\">\n\t\t\t\t<div class=\"elementor-widget-container\">\n\t\t\t\t\t\t\t\t\t<p>Mehrere Kameramodelle &amp; ausgew\u00e4hltes Zubeh\u00f6r von <strong>icu<\/strong>\u00a0sind f\u00fcr autorisierte H\u00e4ndler bzw. Partner erh\u00e4ltlich. <br \/>Kontaktieren Sie unser Vertriebsteam, indem Sie das <a href=\"#become-a-dealer\" data-wplink-edit=\"true\"><strong>untenstehende Formular<\/strong> <\/a>ausf\u00fcllen.<\/p>\t\t\t\t\t\t\t\t<\/div>\n\t\t\t\t<\/div>\n\t\t\t\t<div class=\"elementor-element elementor-element-0b31153 elementor-widget elementor-widget-image\" data-id=\"0b31153\" data-element_type=\"widget\" data-e-type=\"widget\" data-widget_type=\"image.default\">\n\t\t\t\t<div class=\"elementor-widget-container\">\n\t\t\t\t\t\t\t\t\t\t\t\t\t\t\t\t<a href=\"#become-a-dealer\">\n\t\t\t\t\t\t\t<img fetchpriority=\"high\" decoding=\"async\" width=\"1150\" height=\"400\" src=\"https:\/\/help.icuserver.com\/wp-content\/uploads\/2024\/02\/b2b-hero_become-a-authorized-dealer.png\" class=\"attachment-full size-full wp-image-3000\" alt=\"ICU CLOM - Become an Authorized Dealer\" srcset=\"https:\/\/help.icuserver.com\/wp-content\/uploads\/2024\/02\/b2b-hero_become-a-authorized-dealer.png 1150w, https:\/\/help.icuserver.com\/wp-content\/uploads\/2024\/02\/b2b-hero_become-a-authorized-dealer-300x104.png 300w, https:\/\/help.icuserver.com\/wp-content\/uploads\/2024\/02\/b2b-hero_become-a-authorized-dealer-1024x356.png 1024w, https:\/\/help.icuserver.com\/wp-content\/uploads\/2024\/02\/b2b-hero_become-a-authorized-dealer-768x267.png 768w, https:\/\/help.icuserver.com\/wp-content\/uploads\/2024\/02\/b2b-hero_become-a-authorized-dealer-18x6.png 18w\" sizes=\"(max-width: 1150px) 100vw, 1150px\" \/>\t\t\t\t\t\t\t\t<\/a>\n\t\t\t\t\t\t\t\t\t\t\t\t\t\t\t<\/div>\n\t\t\t\t<\/div>\n\t\t\t\t<div class=\"elementor-element elementor-element-1368df1 elementor-widget elementor-widget-text-editor\" data-id=\"1368df1\" data-element_type=\"widget\" data-e-type=\"widget\" data-widget_type=\"text-editor.default\">\n\t\t\t\t<div class=\"elementor-widget-container\">\n\t\t\t\t\t\t\t\t\t<p>Sie haben Interesse, H\u00e4ndler von <strong>ICU CLOM<\/strong>\u00a0Produkten zu werden? Melden Sie sich \u00fcber unser <a href=\"#become-a-dealer\"><b>Kontaktformular<\/b><\/a>. Sie erhalten anschlie\u00dfend weiterf\u00fchrende Informationen (Infobrosch\u00fcren) zu unseren Preisen, St\u00fcckzahlen, etc. und wir erarbeiten bei beidseitigem Interesse einen individuellen H\u00e4ndlervertrag.<\/p>\t\t\t\t\t\t\t\t<\/div>\n\t\t\t\t<\/div>\n\t\t\t\t<div class=\"elementor-element elementor-element-ec574b3 elementor-align-center elementor-widget elementor-widget-button\" data-id=\"ec574b3\" data-element_type=\"widget\" data-e-type=\"widget\" data-widget_type=\"button.default\">\n\t\t\t\t<div class=\"elementor-widget-container\">\n\t\t\t\t\t\t\t\t\t<div class=\"elementor-button-wrapper\">\n\t\t\t\t\t<a class=\"elementor-button elementor-button-link elementor-size-sm\" href=\"#become-a-dealer\">\n\t\t\t\t\t\t<span class=\"elementor-button-content-wrapper\">\n\t\t\t\t\t\t\t\t\t<span class=\"elementor-button-text\">H\u00e4ndler bzw. Partner werden<\/span>\n\t\t\t\t\t<\/span>\n\t\t\t\t\t<\/a>\n\t\t\t\t<\/div>\n\t\t\t\t\t\t\t\t<\/div>\n\t\t\t\t<\/div>\n\t\t\t\t<div class=\"elementor-element elementor-element-f2b7700 elementor-widget elementor-widget-spacer\" data-id=\"f2b7700\" data-element_type=\"widget\" data-e-type=\"widget\" data-widget_type=\"spacer.default\">\n\t\t\t\t<div class=\"elementor-widget-container\">\n\t\t\t\t\t\t\t<div class=\"elementor-spacer\">\n\t\t\t<div class=\"elementor-spacer-inner\"><\/div>\n\t\t<\/div>\n\t\t\t\t\t\t<\/div>\n\t\t\t\t<\/div>\n\t\t\t\t\t<\/div>\n\t\t<\/div>\n\t\t\t\t\t<\/div>\n\t\t<\/section>\n\t\t\t\t\t<\/div>\n\t\t<\/div>\n\t\t\t\t\t<\/div>\n\t\t<\/section>\n\t\t\t\t<section class=\"elementor-section elementor-top-section elementor-element elementor-element-fed8afd elementor-section-boxed elementor-section-height-default elementor-section-height-default\" data-id=\"fed8afd\" data-element_type=\"section\" data-e-type=\"section\">\n\t\t\t\t\t\t<div class=\"elementor-container elementor-column-gap-default\">\n\t\t\t\t\t<div class=\"elementor-column elementor-col-100 elementor-top-column elementor-element elementor-element-9e408d7\" data-id=\"9e408d7\" data-element_type=\"column\" data-e-type=\"column\">\n\t\t\t<div class=\"elementor-widget-wrap elementor-element-populated\">\n\t\t\t\t\t\t<div class=\"elementor-element elementor-element-358f492 elementor-widget elementor-widget-spacer\" data-id=\"358f492\" data-element_type=\"widget\" data-e-type=\"widget\" data-widget_type=\"spacer.default\">\n\t\t\t\t<div class=\"elementor-widget-container\">\n\t\t\t\t\t\t\t<div class=\"elementor-spacer\">\n\t\t\t<div class=\"elementor-spacer-inner\"><\/div>\n\t\t<\/div>\n\t\t\t\t\t\t<\/div>\n\t\t\t\t<\/div>\n\t\t\t\t<div class=\"elementor-element elementor-element-ccff967 elementor-widget elementor-widget-heading\" data-id=\"ccff967\" data-element_type=\"widget\" data-e-type=\"widget\" data-widget_type=\"heading.default\">\n\t\t\t\t<div class=\"elementor-widget-container\">\n\t\t\t\t\t<h2 class=\"elementor-heading-title elementor-size-default\">H\u00e4ufig gestellte Fragen<\/h2>\t\t\t\t<\/div>\n\t\t\t\t<\/div>\n\t\t\t\t<div class=\"elementor-element elementor-element-ac8a328 elementor-widget elementor-widget-accordion\" data-id=\"ac8a328\" data-element_type=\"widget\" data-e-type=\"widget\" data-widget_type=\"accordion.default\">\n\t\t\t\t<div class=\"elementor-widget-container\">\n\t\t\t\t\t\t\t<div class=\"elementor-accordion\">\n\t\t\t\t\t\t\t<div class=\"elementor-accordion-item\">\n\t\t\t\t\t<div id=\"elementor-tab-title-1801\" class=\"elementor-tab-title\" data-tab=\"1\" role=\"button\" aria-controls=\"elementor-tab-content-1801\" aria-expanded=\"false\">\n\t\t\t\t\t\t\t\t\t\t\t\t\t<span class=\"elementor-accordion-icon elementor-accordion-icon-left\" aria-hidden=\"true\">\n\t\t\t\t\t\t\t\t\t\t\t\t\t\t\t<span class=\"elementor-accordion-icon-closed\"><i class=\"fas fa-plus\"><\/i><\/span>\n\t\t\t\t\t\t\t\t<span class=\"elementor-accordion-icon-opened\"><i class=\"fas fa-minus\"><\/i><\/span>\n\t\t\t\t\t\t\t\t\t\t\t\t\t\t<\/span>\n\t\t\t\t\t\t\t\t\t\t\t\t<a class=\"elementor-accordion-title\" tabindex=\"0\">Wer kann  <b>ICU CLOM<\/b>-H\u00e4ndler bzw. Partner werden?<\/a>\n\t\t\t\t\t<\/div>\n\t\t\t\t\t<div id=\"elementor-tab-content-1801\" class=\"elementor-tab-content elementor-clearfix\" data-tab=\"1\" role=\"region\" aria-labelledby=\"elementor-tab-title-1801\"><p>Sie betreiben ein oder mehrere lokale Fachgesch\u00e4fte und\/oder einen etablierten Marken Online-Shop aus dem Bereich<\/p><ul><li>Jagd-\/Waffenhandel<\/li><li>Forst-\/Landwirtschaft<\/li><li>Outdoor-Sport<\/li><li>Elektronik-Fotografie Handel<\/li><\/ul><\/div>\n\t\t\t\t<\/div>\n\t\t\t\t\t\t\t<div class=\"elementor-accordion-item\">\n\t\t\t\t\t<div id=\"elementor-tab-title-1802\" class=\"elementor-tab-title\" data-tab=\"2\" role=\"button\" aria-controls=\"elementor-tab-content-1802\" aria-expanded=\"false\">\n\t\t\t\t\t\t\t\t\t\t\t\t\t<span class=\"elementor-accordion-icon elementor-accordion-icon-left\" aria-hidden=\"true\">\n\t\t\t\t\t\t\t\t\t\t\t\t\t\t\t<span class=\"elementor-accordion-icon-closed\"><i class=\"fas fa-plus\"><\/i><\/span>\n\t\t\t\t\t\t\t\t<span class=\"elementor-accordion-icon-opened\"><i class=\"fas fa-minus\"><\/i><\/span>\n\t\t\t\t\t\t\t\t\t\t\t\t\t\t<\/span>\n\t\t\t\t\t\t\t\t\t\t\t\t<a class=\"elementor-accordion-title\" tabindex=\"0\">Welche Art des Vertriebs\/Verkaufs von <b>ICU CLOM<\/b>-Produkten ist erlaubt?<\/a>\n\t\t\t\t\t<\/div>\n\t\t\t\t\t<div id=\"elementor-tab-content-1802\" class=\"elementor-tab-content elementor-clearfix\" data-tab=\"2\" role=\"region\" aria-labelledby=\"elementor-tab-title-1802\"><p>Unsere <b>ICU CLOM-<\/b>Produkte k\u00f6nnen sowohl im einschl\u00e4gigen Fachhandel, als auch online verkauft werden.<\/p><p>F\u00fcr die L\u00e4nder Schweiz, Finnland und S\u00fcdafrika haben wir bestehende Exklusivpartner \u00fcber die Sie unsere Produkte erwerben k\u00f6nnen.<\/p><p>Der weltweite Vertrieb in den restlichen L\u00e4ndern wird von der Blaser Gruppe gemanagt. Bitte kontaktieren Sie direkt die Blaser Gruppe, wenn sie unsere Produkte in ihrem Land vertreiben m\u00f6chten: <strong><a href=\"https:\/\/www.blaser-group.com\/kontakt\/\" target=\"_blank\" rel=\"noopener\">zum Blaser group Kontakt<\/a><\/strong><\/p><\/div>\n\t\t\t\t<\/div>\n\t\t\t\t\t\t\t<div class=\"elementor-accordion-item\">\n\t\t\t\t\t<div id=\"elementor-tab-title-1803\" class=\"elementor-tab-title\" data-tab=\"3\" role=\"button\" aria-controls=\"elementor-tab-content-1803\" aria-expanded=\"false\">\n\t\t\t\t\t\t\t\t\t\t\t\t\t<span class=\"elementor-accordion-icon elementor-accordion-icon-left\" aria-hidden=\"true\">\n\t\t\t\t\t\t\t\t\t\t\t\t\t\t\t<span class=\"elementor-accordion-icon-closed\"><i class=\"fas fa-plus\"><\/i><\/span>\n\t\t\t\t\t\t\t\t<span class=\"elementor-accordion-icon-opened\"><i class=\"fas fa-minus\"><\/i><\/span>\n\t\t\t\t\t\t\t\t\t\t\t\t\t\t<\/span>\n\t\t\t\t\t\t\t\t\t\t\t\t<a class=\"elementor-accordion-title\" tabindex=\"0\">Welche Art des Vertriebs\/Verkaufs von <b>ICU CLOM<\/b>-Produkte ist nicht erlaubt?<\/a>\n\t\t\t\t\t<\/div>\n\t\t\t\t\t<div id=\"elementor-tab-content-1803\" class=\"elementor-tab-content elementor-clearfix\" data-tab=\"3\" role=\"region\" aria-labelledby=\"elementor-tab-title-1803\"><p>Verkauf von unseren Produkten auf online Plattformen (zb. Amazon, Ebay, ect.) ist nur mit ausdr\u00fccklicher Zustimmung von <b>ICU<\/b>\u00a0m\u00f6glich.<\/p><\/div>\n\t\t\t\t<\/div>\n\t\t\t\t\t\t\t<div class=\"elementor-accordion-item\">\n\t\t\t\t\t<div id=\"elementor-tab-title-1804\" class=\"elementor-tab-title\" data-tab=\"4\" role=\"button\" aria-controls=\"elementor-tab-content-1804\" aria-expanded=\"false\">\n\t\t\t\t\t\t\t\t\t\t\t\t\t<span class=\"elementor-accordion-icon elementor-accordion-icon-left\" aria-hidden=\"true\">\n\t\t\t\t\t\t\t\t\t\t\t\t\t\t\t<span class=\"elementor-accordion-icon-closed\"><i class=\"fas fa-plus\"><\/i><\/span>\n\t\t\t\t\t\t\t\t<span class=\"elementor-accordion-icon-opened\"><i class=\"fas fa-minus\"><\/i><\/span>\n\t\t\t\t\t\t\t\t\t\t\t\t\t\t<\/span>\n\t\t\t\t\t\t\t\t\t\t\t\t<a class=\"elementor-accordion-title\" tabindex=\"0\">Bietet <b>ICU<\/b> Dropshipping bzw. ein Afilliatprogramm an?<\/a>\n\t\t\t\t\t<\/div>\n\t\t\t\t\t<div id=\"elementor-tab-content-1804\" class=\"elementor-tab-content elementor-clearfix\" data-tab=\"4\" role=\"region\" aria-labelledby=\"elementor-tab-title-1804\"><ul><li>Afilliate Links k\u00f6nnen individuell nach Anfrage vergeben werden.<\/li><li>Wir k\u00f6nnen auf Anfrage auch Dropshipping anbieten.<\/li><\/ul><p>Als Influencer aus den Jagd- und oder Outdoorbereich k\u00f6nnen Sie auf unsere Website Anfragen stellen. Anschlie\u00dfend erarbeiten wir bei beidseitigen Interesse eine individuelle Kooperation zwischen Ihnen und <b>ICU<\/b>.<\/p><\/div>\n\t\t\t\t<\/div>\n\t\t\t\t\t\t\t<div class=\"elementor-accordion-item\">\n\t\t\t\t\t<div id=\"elementor-tab-title-1805\" class=\"elementor-tab-title\" data-tab=\"5\" role=\"button\" aria-controls=\"elementor-tab-content-1805\" aria-expanded=\"false\">\n\t\t\t\t\t\t\t\t\t\t\t\t\t<span class=\"elementor-accordion-icon elementor-accordion-icon-left\" aria-hidden=\"true\">\n\t\t\t\t\t\t\t\t\t\t\t\t\t\t\t<span class=\"elementor-accordion-icon-closed\"><i class=\"fas fa-plus\"><\/i><\/span>\n\t\t\t\t\t\t\t\t<span class=\"elementor-accordion-icon-opened\"><i class=\"fas fa-minus\"><\/i><\/span>\n\t\t\t\t\t\t\t\t\t\t\t\t\t\t<\/span>\n\t\t\t\t\t\t\t\t\t\t\t\t<a class=\"elementor-accordion-title\" tabindex=\"0\">Was ist bei der Bewerbung erlaubt, was ist nicht erlaubt?<\/a>\n\t\t\t\t\t<\/div>\n\t\t\t\t\t<div id=\"elementor-tab-content-1805\" class=\"elementor-tab-content elementor-clearfix\" data-tab=\"5\" role=\"region\" aria-labelledby=\"elementor-tab-title-1805\"><ul><li>Unsere Logos, Icons, Bild- &amp; Videomaterial werden bei Anfrage direkt von <b>ICU<\/b>\u00a0an Sie als unseren Vertriebspartner vergeben und k\u00f6nnen somit von Ihnen genutzt werden.<\/li><li>Die Nutzung von Testimonials und Reviews zu Werbezwecken m\u00fcssen vorab mit <b>ICU<\/b>\u00a0abgesprochen werden, um diese ver\u00f6ffentlichen zu k\u00f6nnen. (Ausnahme: unabh\u00e4ngige Firmen wie z.B. TrustedShops)<\/li><li>Die Verwendung von Qualit\u00e4tssiegeln, Google Ads und Social Media Anzeigen erfolgt ebenso in Absprache mit <b>ICU<\/b>.<\/li><\/ul><\/div>\n\t\t\t\t<\/div>\n\t\t\t\t\t\t\t<div class=\"elementor-accordion-item\">\n\t\t\t\t\t<div id=\"elementor-tab-title-1806\" class=\"elementor-tab-title\" data-tab=\"6\" role=\"button\" aria-controls=\"elementor-tab-content-1806\" aria-expanded=\"false\">\n\t\t\t\t\t\t\t\t\t\t\t\t\t<span class=\"elementor-accordion-icon elementor-accordion-icon-left\" aria-hidden=\"true\">\n\t\t\t\t\t\t\t\t\t\t\t\t\t\t\t<span class=\"elementor-accordion-icon-closed\"><i class=\"fas fa-plus\"><\/i><\/span>\n\t\t\t\t\t\t\t\t<span class=\"elementor-accordion-icon-opened\"><i class=\"fas fa-minus\"><\/i><\/span>\n\t\t\t\t\t\t\t\t\t\t\t\t\t\t<\/span>\n\t\t\t\t\t\t\t\t\t\t\t\t<a class=\"elementor-accordion-title\" tabindex=\"0\">Wie l\u00e4uft der Produktsupport, Widerruf, Service- & Garantieabwicklung ab?<\/a>\n\t\t\t\t\t<\/div>\n\t\t\t\t\t<div id=\"elementor-tab-content-1806\" class=\"elementor-tab-content elementor-clearfix\" data-tab=\"6\" role=\"region\" aria-labelledby=\"elementor-tab-title-1806\"><ul><li>Der Kundensupport wird \u00fcber unser Servicecenter unter\u00a0<a href=\"https:\/\/help.icuserver.com\"><strong>help.icuserver.com<\/strong><\/a> abgewickelt<\/li><li><b>ICU<\/b> bietet eine 2-j\u00e4hrige Garantie auf alle Kameramodelle.<\/li><\/ul><\/div>\n\t\t\t\t<\/div>\n\t\t\t\t\t\t\t<div class=\"elementor-accordion-item\">\n\t\t\t\t\t<div id=\"elementor-tab-title-1807\" class=\"elementor-tab-title\" data-tab=\"7\" role=\"button\" aria-controls=\"elementor-tab-content-1807\" aria-expanded=\"false\">\n\t\t\t\t\t\t\t\t\t\t\t\t\t<span class=\"elementor-accordion-icon elementor-accordion-icon-left\" aria-hidden=\"true\">\n\t\t\t\t\t\t\t\t\t\t\t\t\t\t\t<span class=\"elementor-accordion-icon-closed\"><i class=\"fas fa-plus\"><\/i><\/span>\n\t\t\t\t\t\t\t\t<span class=\"elementor-accordion-icon-opened\"><i class=\"fas fa-minus\"><\/i><\/span>\n\t\t\t\t\t\t\t\t\t\t\t\t\t\t<\/span>\n\t\t\t\t\t\t\t\t\t\t\t\t<a class=\"elementor-accordion-title\" tabindex=\"0\">Wie erfolgt die Gesch\u00e4ftsabwicklung zwischen mir und der <b>ICU<\/b>?<\/a>\n\t\t\t\t\t<\/div>\n\t\t\t\t\t<div id=\"elementor-tab-content-1807\" class=\"elementor-tab-content elementor-clearfix\" data-tab=\"7\" role=\"region\" aria-labelledby=\"elementor-tab-title-1807\"><p>Die komplette Abwicklung erfolgt \u00fcber <a href=\"https:\/\/b2b.icuserver.com\" target=\"_blank\" rel=\"noopener\"><strong>b2b.icuserver.com<\/strong><\/a> (Bestellung, Zahlungsabwicklung, etc.)<\/p><\/div>\n\t\t\t\t<\/div>\n\t\t\t\t\t\t\t<div class=\"elementor-accordion-item\">\n\t\t\t\t\t<div id=\"elementor-tab-title-1808\" class=\"elementor-tab-title\" data-tab=\"8\" role=\"button\" aria-controls=\"elementor-tab-content-1808\" aria-expanded=\"false\">\n\t\t\t\t\t\t\t\t\t\t\t\t\t<span class=\"elementor-accordion-icon elementor-accordion-icon-left\" aria-hidden=\"true\">\n\t\t\t\t\t\t\t\t\t\t\t\t\t\t\t<span class=\"elementor-accordion-icon-closed\"><i class=\"fas fa-plus\"><\/i><\/span>\n\t\t\t\t\t\t\t\t<span class=\"elementor-accordion-icon-opened\"><i class=\"fas fa-minus\"><\/i><\/span>\n\t\t\t\t\t\t\t\t\t\t\t\t\t\t<\/span>\n\t\t\t\t\t\t\t\t\t\t\t\t<a class=\"elementor-accordion-title\" tabindex=\"0\">Wie verl\u00e4uft die Logistik, gibt es Mindestmengen, ein Versandlager, ...<\/a>\n\t\t\t\t\t<\/div>\n\t\t\t\t\t<div id=\"elementor-tab-content-1808\" class=\"elementor-tab-content elementor-clearfix\" data-tab=\"8\" role=\"region\" aria-labelledby=\"elementor-tab-title-1808\"><ul><li>Wir versenden unsere Waren international \u00fcber einen externen Logistiker\/Fullfiller.<\/li><li>Mindestmengen gibt es keine.<\/li><\/ul><\/div>\n\t\t\t\t<\/div>\n\t\t\t\t\t\t\t\t\t\t<script type=\"application\/ld+json\">{\"@context\":\"https:\\\/\\\/schema.org\",\"@type\":\"FAQPage\",\"mainEntity\":[{\"@type\":\"Question\",\"name\":\"Wer kann  ICU CLOM-H\\u00e4ndler bzw. Partner werden?\",\"acceptedAnswer\":{\"@type\":\"Answer\",\"text\":\"<p>Sie betreiben ein oder mehrere lokale Fachgesch\\u00e4fte und\\\/oder einen etablierten Marken Online-Shop aus dem Bereich<\\\/p><ul><li>Jagd-\\\/Waffenhandel<\\\/li><li>Forst-\\\/Landwirtschaft<\\\/li><li>Outdoor-Sport<\\\/li><li>Elektronik-Fotografie Handel<\\\/li><\\\/ul>\"}},{\"@type\":\"Question\",\"name\":\"Welche Art des Vertriebs\\\/Verkaufs von ICU CLOM-Produkten ist erlaubt?\",\"acceptedAnswer\":{\"@type\":\"Answer\",\"text\":\"<p>Unsere <b>ICU CLOM-<\\\/b>Produkte k\\u00f6nnen sowohl im einschl\\u00e4gigen Fachhandel, als auch online verkauft werden.<\\\/p><p>F\\u00fcr die L\\u00e4nder Schweiz, Finnland und S\\u00fcdafrika haben wir bestehende Exklusivpartner \\u00fcber die Sie unsere Produkte erwerben k\\u00f6nnen.<\\\/p><p>Der weltweite Vertrieb in den restlichen L\\u00e4ndern wird von der Blaser Gruppe gemanagt. Bitte kontaktieren Sie direkt die Blaser Gruppe, wenn sie unsere Produkte in ihrem Land vertreiben m\\u00f6chten: <strong><a href=\\\"https:\\\/\\\/www.blaser-group.com\\\/kontakt\\\/\\\" target=\\\"_blank\\\" rel=\\\"noopener\\\">zum Blaser group Kontakt<\\\/a><\\\/strong><\\\/p>\"}},{\"@type\":\"Question\",\"name\":\"Welche Art des Vertriebs\\\/Verkaufs von ICU CLOM-Produkte ist nicht erlaubt?\",\"acceptedAnswer\":{\"@type\":\"Answer\",\"text\":\"<p>Verkauf von unseren Produkten auf online Plattformen (zb. Amazon, Ebay, ect.) ist nur mit ausdr\\u00fccklicher Zustimmung von <b>ICU<\\\/b>\\u00a0m\\u00f6glich.<\\\/p>\"}},{\"@type\":\"Question\",\"name\":\"Bietet ICU Dropshipping bzw. ein Afilliatprogramm an?\",\"acceptedAnswer\":{\"@type\":\"Answer\",\"text\":\"<ul><li>Afilliate Links k\\u00f6nnen individuell nach Anfrage vergeben werden.<\\\/li><li>Wir k\\u00f6nnen auf Anfrage auch Dropshipping anbieten.<\\\/li><\\\/ul><p>Als Influencer aus den Jagd- und oder Outdoorbereich k\\u00f6nnen Sie auf unsere Website Anfragen stellen. Anschlie\\u00dfend erarbeiten wir bei beidseitigen Interesse eine individuelle Kooperation zwischen Ihnen und <b>ICU<\\\/b>.<\\\/p>\"}},{\"@type\":\"Question\",\"name\":\"Was ist bei der Bewerbung erlaubt, was ist nicht erlaubt?\",\"acceptedAnswer\":{\"@type\":\"Answer\",\"text\":\"<ul><li>Unsere Logos, Icons, Bild- &amp; Videomaterial werden bei Anfrage direkt von <b>ICU<\\\/b>\\u00a0an Sie als unseren Vertriebspartner vergeben und k\\u00f6nnen somit von Ihnen genutzt werden.<\\\/li><li>Die Nutzung von Testimonials und Reviews zu Werbezwecken m\\u00fcssen vorab mit <b>ICU<\\\/b>\\u00a0abgesprochen werden, um diese ver\\u00f6ffentlichen zu k\\u00f6nnen. (Ausnahme: unabh\\u00e4ngige Firmen wie z.B. TrustedShops)<\\\/li><li>Die Verwendung von Qualit\\u00e4tssiegeln, Google Ads und Social Media Anzeigen erfolgt ebenso in Absprache mit <b>ICU<\\\/b>.<\\\/li><\\\/ul>\"}},{\"@type\":\"Question\",\"name\":\"Wie l\\u00e4uft der Produktsupport, Widerruf, Service- & Garantieabwicklung ab?\",\"acceptedAnswer\":{\"@type\":\"Answer\",\"text\":\"<ul><li>Der Kundensupport wird \\u00fcber unser Servicecenter unter\\u00a0<a href=\\\"https:\\\/\\\/help.icuserver.com\\\"><strong>help.icuserver.com<\\\/strong><\\\/a> abgewickelt<\\\/li><li><b>ICU<\\\/b> bietet eine 2-j\\u00e4hrige Garantie auf alle Kameramodelle.<\\\/li><\\\/ul>\"}},{\"@type\":\"Question\",\"name\":\"Wie erfolgt die Gesch\\u00e4ftsabwicklung zwischen mir und der ICU?\",\"acceptedAnswer\":{\"@type\":\"Answer\",\"text\":\"<p>Die komplette Abwicklung erfolgt \\u00fcber <a href=\\\"https:\\\/\\\/b2b.icuserver.com\\\" target=\\\"_blank\\\" rel=\\\"noopener\\\"><strong>b2b.icuserver.com<\\\/strong><\\\/a> (Bestellung, Zahlungsabwicklung, etc.)<\\\/p>\"}},{\"@type\":\"Question\",\"name\":\"Wie verl\\u00e4uft die Logistik, gibt es Mindestmengen, ein Versandlager, ...\",\"acceptedAnswer\":{\"@type\":\"Answer\",\"text\":\"<ul><li>Wir versenden unsere Waren international \\u00fcber einen externen Logistiker\\\/Fullfiller.<\\\/li><li>Mindestmengen gibt es keine.<\\\/li><\\\/ul>\"}}]}<\/script>\n\t\t\t\t\t<\/div>\n\t\t\t\t\t\t<\/div>\n\t\t\t\t<\/div>\n\t\t\t\t<div class=\"elementor-element elementor-element-540ac88 elementor-widget elementor-widget-spacer\" data-id=\"540ac88\" data-element_type=\"widget\" data-e-type=\"widget\" data-widget_type=\"spacer.default\">\n\t\t\t\t<div class=\"elementor-widget-container\">\n\t\t\t\t\t\t\t<div class=\"elementor-spacer\">\n\t\t\t<div class=\"elementor-spacer-inner\"><\/div>\n\t\t<\/div>\n\t\t\t\t\t\t<\/div>\n\t\t\t\t<\/div>\n\t\t\t\t<div class=\"elementor-element elementor-element-f6a2a52 elementor-widget elementor-widget-text-editor\" data-id=\"f6a2a52\" data-element_type=\"widget\" data-e-type=\"widget\" data-widget_type=\"text-editor.default\">\n\t\t\t\t<div class=\"elementor-widget-container\">\n\t\t\t\t\t\t\t\t\t<p><strong>Eine ihrer Fragen wurde noch nicht beantwortet?<\/strong><\/p><p>Wir erweitern diesen Bereich laufend. Wenn wir eine ihrer Fragen noch nicht beantworten konnten, teilen Sie uns diese gerne als Kommentar im Formular mit. Herzlichen Dank!<\/p>\t\t\t\t\t\t\t\t<\/div>\n\t\t\t\t<\/div>\n\t\t\t\t<div class=\"elementor-element elementor-element-023cc4f elementor-widget elementor-widget-spacer\" data-id=\"023cc4f\" data-element_type=\"widget\" data-e-type=\"widget\" data-widget_type=\"spacer.default\">\n\t\t\t\t<div class=\"elementor-widget-container\">\n\t\t\t\t\t\t\t<div class=\"elementor-spacer\">\n\t\t\t<div class=\"elementor-spacer-inner\"><\/div>\n\t\t<\/div>\n\t\t\t\t\t\t<\/div>\n\t\t\t\t<\/div>\n\t\t\t\t\t<\/div>\n\t\t<\/div>\n\t\t\t\t\t<\/div>\n\t\t<\/section>\n\t\t\t\t<\/div>\n\t\t","protected":false},"excerpt":{"rendered":"<p>Autorisierter H\u00e4ndler bzw. Partner werden Mehrere Kameramodelle &amp; ausgew\u00e4hltes Zubeh\u00f6r von icu\u00a0sind f\u00fcr autorisierte H\u00e4ndler bzw. Partner erh\u00e4ltlich. Kontaktieren Sie unser Vertriebsteam, indem Sie das untenstehende Formular ausf\u00fcllen. Sie haben Interesse, H\u00e4ndler von ICU CLOM\u00a0Produkten zu werden? Melden Sie sich \u00fcber unser Kontaktformular. Sie erhalten anschlie\u00dfend weiterf\u00fchrende Informationen (Infobrosch\u00fcren) zu unseren Preisen, St\u00fcckzahlen, etc. und [&hellip;]<\/p>\n","protected":false},"author":2,"featured_media":0,"parent":0,"menu_order":0,"comment_status":"closed","ping_status":"closed","template":"partnerform-page.php","meta":{"footnotes":""},"class_list":["post-1721","page","type-page","status-publish","hentry"],"_links":{"self":[{"href":"https:\/\/help.icuserver.com\/en\/wp-json\/wp\/v2\/pages\/1721","targetHints":{"allow":["GET"]}}],"collection":[{"href":"https:\/\/help.icuserver.com\/en\/wp-json\/wp\/v2\/pages"}],"about":[{"href":"https:\/\/help.icuserver.com\/en\/wp-json\/wp\/v2\/types\/page"}],"author":[{"embeddable":true,"href":"https:\/\/help.icuserver.com\/en\/wp-json\/wp\/v2\/users\/2"}],"replies":[{"embeddable":true,"href":"https:\/\/help.icuserver.com\/en\/wp-json\/wp\/v2\/comments?post=1721"}],"version-history":[{"count":5,"href":"https:\/\/help.icuserver.com\/en\/wp-json\/wp\/v2\/pages\/1721\/revisions"}],"predecessor-version":[{"id":3547,"href":"https:\/\/help.icuserver.com\/en\/wp-json\/wp\/v2\/pages\/1721\/revisions\/3547"}],"wp:attachment":[{"href":"https:\/\/help.icuserver.com\/en\/wp-json\/wp\/v2\/media?parent=1721"}],"curies":[{"name":"wp","href":"https:\/\/api.w.org\/{rel}","templated":true}]}}