{"id":3420,"date":"2025-06-11T09:08:07","date_gmt":"2025-06-11T07:08:07","guid":{"rendered":"https:\/\/help.icuserver.com\/?page_id=3420"},"modified":"2025-06-11T09:10:55","modified_gmt":"2025-06-11T07:10:55","slug":"barrierefreiheit","status":"publish","type":"page","link":"https:\/\/help.icuserver.com\/en\/barrierefreiheit","title":{"rendered":"Declaration of accessibility"},"content":{"rendered":"<p>The <strong>ICUserver GmbH<\/strong> and <strong>NatureWebServices GmbH<\/strong>, hereinafter referred to as \u201eICU\u201c and represented by Mr Burkhard Weiss, endeavours to make its websites accessible in accordance with the Federal Act on Barrier-free Access to Websites and Mobile Applications of the Federal Government (Web Accessibility Act - WZG) BGBl. I. No. 59\/2019 as amended, to make it accessible without barriers.<\/p>\n\n\n\n<p>This declaration on accessibility applies to the domains: <br><strong>icuserver.com<\/strong><br><strong>icu-clom.com<\/strong><\/p>\n\n\n\n<h3 class=\"wp-block-heading\">Status of compatibility with the requirements<\/h3>\n\n\n\n<p>This website is protected because of the following <strong>Incompatibilities<\/strong> and <strong>Exceptions<\/strong> <strong>partly<\/strong> complies with conformance level AA of the \u201eWeb Content Accessibility Guidelines - WCAG 2.1\u201c or with the applicable European Standard EN 301 549 V3.2.1 (2021-03) in accordance with Directive (EU) 2016\/2102 of the European Parliament and of the Council.<\/p>\n\n\n\n<h3 class=\"wp-block-heading\">Non-accessible content<\/h3>\n\n\n\n<h4 class=\"wp-block-heading\">a. Incompatibility with accessibility regulations<\/h4>\n\n\n\n<ul class=\"wp-block-list\">\n<li><strong>Keyboard navigation &amp; focus marking<\/strong>: <br>Some interactive elements cannot yet be fully operated with the keyboard or have insufficient focus marking.<\/li>\n\n\n\n<li><strong>Missing alternative texts for images<\/strong>: <br>Some decorative images do not yet contain alternative texts.<\/li>\n\n\n\n<li><strong>Low colour contrast<\/strong>: <br>Due to our corporate design, some text elements have insufficient colour contrast, which can impair legibility for people with visual impairments.<\/li>\n\n\n\n<li><strong>Complex language<\/strong>: <br>Parts of the website use technical jargon, dialect, common abbreviations or complex sentence structures that may be difficult for people with cognitive impairments to understand.<\/li>\n<\/ul>\n\n\n\n<h4 class=\"wp-block-heading\">b. Disproportionate burden<\/h4>\n\n\n\n<ul class=\"wp-block-list\">\n<li><strong>Accessible PDFs<\/strong>: <br>Many PDF documents (such as product manuals, operating instructions, etc.) were created before the accessibility requirements came into force and cannot be made completely accessible at a later date.<\/li>\n\n\n\n<li><strong>Audio descriptions for videos<\/strong>: <br>Not all embedded videos currently have audio descriptions.<\/li>\n\n\n\n<li><strong>Insufficient keyboard operability<\/strong>: <br>Not all interactive elements can be fully operated using the keyboard or have visible focus markers.<\/li>\n<\/ul>\n\n\n\n<h4 class=\"wp-block-heading\">c. Content outside the scope of the applicable legislation<\/h4>\n\n\n\n<ul class=\"wp-block-list\">\n<li><strong>Archived documents and content<\/strong>, <br>published before 28 June 2025 (e.g. older PDFs and multimedia content).<\/li>\n\n\n\n<li><strong>External content and embedded services from third-party providers<\/strong> <br>(e.g. social media feeds, maps or plug-ins) that are outside the sphere of influence of <strong>ICU<\/strong> lie.<\/li>\n<\/ul>\n\n\n\n<h3 class=\"wp-block-heading\">Preparation of the accessibility declaration<\/h3>\n\n\n\n<p>The declaration was prepared on the basis of a <strong>ICU<\/strong> carried out <strong>Self-assessment<\/strong> and the evaluation by our web agency <a href=\"https:\/\/die.konzeptionisten.at\" target=\"_blank\" rel=\"noreferrer noopener\">die konzeptionisten GmbH<\/a> created.<\/p>\n\n\n\n<p>This declaration was last updated on <strong>09.06.2025<\/strong> checked.<\/p>\n\n\n\n<h3 class=\"wp-block-heading\">Feedback &amp; contact details<\/h3>\n\n\n\n<p>If you notice any barriers on our website or require information on non-accessible content, please contact us by e-mail:<\/p>\n\n\n\n<p><strong>ICUserver GmbH<\/strong><br>? info@icuserver.com<\/p>\n\n\n\n<h3 class=\"wp-block-heading\">Enforcement proceedings<\/h3>\n\n\n\n<p>In the event of unsatisfactory responses from the above-mentioned contact option, you can lodge a complaint with the <strong>Complaints office of the Austrian Research Promotion Agency with limited liability (FFG)<\/strong> contact. The FFG accepts applications via the <a href=\"https:\/\/www.digitalbarrierefrei.at\/de\/beschwerde-einreichen\/informationen-zum-beschwerdeprozess\" target=\"_blank\" rel=\"noreferrer noopener nofollow\">Contact form of the complaints office<\/a> complaints electronically.<\/p>\n\n\n\n<p>The complaints are examined by the FFG to determine whether they relate to violations of the provisions of the Web Accessibility Act, in particular deficiencies in compliance with accessibility requirements, by the federal government or an organisation attributable to it.<\/p>\n\n\n\n<p>If the complaint is justified, the FFG must make recommendations for action to the federal government or the legal entities concerned and propose measures to remedy the existing deficiencies.<\/p>","protected":false},"excerpt":{"rendered":"<p>Die ICUserver GmbH und NatureWebServices GmbH, fortlaufend als &#8222;ICU&#8220; angef\u00fchrt und vertreten durch Herrn Mag. Burkhard Weiss ist bem\u00fcht, ihre Websiten im Einklang mit dem Bundesgesetz \u00fcber den barrierefreien Zugang zu Websites und mobilen Anwendungen des Bundes (Web-Zug\u00e4nglichkeits-Gesetz \u2013 WZG) BGBl. I. Nr. 59\/2019 idgF, barrierefrei zug\u00e4nglich zu machen. Diese Erkl\u00e4rung zur Barrierefreiheit gilt f\u00fcr [&hellip;]<\/p>\n","protected":false},"author":2,"featured_media":0,"parent":0,"menu_order":0,"comment_status":"closed","ping_status":"closed","template":"","meta":{"footnotes":""},"class_list":["post-3420","page","type-page","status-publish","hentry"],"_links":{"self":[{"href":"https:\/\/help.icuserver.com\/en\/wp-json\/wp\/v2\/pages\/3420","targetHints":{"allow":["GET"]}}],"collection":[{"href":"https:\/\/help.icuserver.com\/en\/wp-json\/wp\/v2\/pages"}],"about":[{"href":"https:\/\/help.icuserver.com\/en\/wp-json\/wp\/v2\/types\/page"}],"author":[{"embeddable":true,"href":"https:\/\/help.icuserver.com\/en\/wp-json\/wp\/v2\/users\/2"}],"replies":[{"embeddable":true,"href":"https:\/\/help.icuserver.com\/en\/wp-json\/wp\/v2\/comments?post=3420"}],"version-history":[{"count":2,"href":"https:\/\/help.icuserver.com\/en\/wp-json\/wp\/v2\/pages\/3420\/revisions"}],"predecessor-version":[{"id":3422,"href":"https:\/\/help.icuserver.com\/en\/wp-json\/wp\/v2\/pages\/3420\/revisions\/3422"}],"wp:attachment":[{"href":"https:\/\/help.icuserver.com\/en\/wp-json\/wp\/v2\/media?parent=3420"}],"curies":[{"name":"wp","href":"https:\/\/api.w.org\/{rel}","templated":true}]}}