{"id":3207,"date":"2024-07-31T10:38:01","date_gmt":"2024-07-31T08:38:01","guid":{"rendered":"https:\/\/help.icuserver.com\/?page_id=3207"},"modified":"2024-07-31T11:51:40","modified_gmt":"2024-07-31T09:51:40","slug":"icu-imprint","status":"publish","type":"page","link":"https:\/\/help.icuserver.com\/fr\/icu-imprint","title":{"rendered":"Mentions l\u00e9gales ICUserver GmbH"},"content":{"rendered":"<p><strong>ICU<\/strong>server GmbH&nbsp;<br>Rue de G\u00f6ttweig, 2<br>3131 Inzersdorf-Getzersdorf<br>Autriche&nbsp;<br>Courrier \u00e9lectronique :&nbsp;<a href=\"mailto:info@icuserver.com?subject=Impressum%20Link\">info@icuserver.com&nbsp;<\/a><br><br>Directeur g\u00e9n\u00e9ral : Burkhard Weiss&nbsp;<br>Num\u00e9ro d'identification fiscale : ATU73215415<br>Num\u00e9ro de registre du commerce : FN489066S&nbsp;<br>Tribunal du registre du commerce : Tribunal r\u00e9gional de St. P\u00f6lten<\/p>\n\n\n\n<p>L'entreprise est&nbsp;<a href=\"http:\/\/www.wkoecg.at\/Web\/Ecg.aspx?FirmaID=3d6eaff9-060a-4a15-899a-33c5040f0b85\" class=\"\" target=\"_blank\" rel=\"noreferrer noopener\">Membre de la Chambre de commerce<\/a>&nbsp;Basse-Autriche<\/p>\n\n\n\n<p>UID Allemagne : DE317723265<\/p>\n\n\n\n<h2 class=\"wp-block-heading\">Plus de d\u00e9tails<\/h2>\n\n\n\n<p>Nous sommes soumis \u00e0 la l\u00e9gislation sur le commerce et l'industrie. Vous le trouverez dans le RIS sous <a href=\"https:\/\/ris.bka.gv.at\" target=\"_blank\" rel=\"noreferrer noopener\">https:\/\/ris.bka.gv.at<\/a>.<\/p>\n\n\n\n<h3 class=\"wp-block-heading\">R\u00e8glement des litiges de l'UE<\/h3>\n\n\n\n<p>Conform\u00e9ment au r\u00e8glement relatif au r\u00e8glement en ligne des litiges de consommation (r\u00e8glement ODR), nous souhaitons vous informer sur la plateforme de r\u00e8glement en ligne des litiges (plateforme OS).<br>Les consommateurs ont la possibilit\u00e9 de d\u00e9poser une plainte aupr\u00e8s de la plateforme de r\u00e8glement des litiges en ligne de la Commission europ\u00e9enne \u00e0 l'adresse suivante&nbsp;<a href=\"https:\/\/ec.europa.eu\/consumers\/odr\/main\/index.cfm?event=main.home2.show&amp;lng=DE\" target=\"_blank\" rel=\"noreferrer noopener\">http:\/\/ec.europa.eu\/odr?tid=121890433<\/a>&nbsp;\u00e0 l'adresse suivante. Vous trouverez les coordonn\u00e9es n\u00e9cessaires \u00e0 cet effet dans nos mentions l\u00e9gales.<\/p>\n\n\n\n<p>Nous tenons toutefois \u00e0 vous informer que nous ne sommes pas dispos\u00e9s ou oblig\u00e9s de participer \u00e0 des proc\u00e9dures de r\u00e8glement des litiges devant un organisme de conciliation des consommateurs.<\/p>\n\n\n\n<h3 class=\"wp-block-heading\">Responsabilit\u00e9 pour le contenu de ce site web<\/h3>\n\n\n\n<p>Nous d\u00e9veloppons constamment le contenu de ce site web et nous nous effor\u00e7ons de fournir des informations correctes et actuelles. Malheureusement, nous ne pouvons pas garantir l'exactitude de tous les contenus de ce site, en particulier ceux fournis par des tiers. En tant que fournisseur de services, nous ne sommes pas tenus de surveiller les informations qu'ils transmettent ou stockent, ni de rechercher des circonstances indiquant une activit\u00e9 ill\u00e9gale.<\/p>\n\n\n\n<p>Nos obligations de supprimer des informations ou de bloquer l'utilisation d'informations conform\u00e9ment aux lois g\u00e9n\u00e9rales en raison d'injonctions judiciaires ou administratives ne sont pas affect\u00e9es, m\u00eame si nous ne sommes pas responsables.<\/p>\n\n\n\n<p>Si vous remarquez des contenus probl\u00e9matiques ou ill\u00e9gaux, nous vous prions de nous contacter imm\u00e9diatement afin que nous puissions supprimer les contenus illicites. Vous trouverez nos coordonn\u00e9es dans les mentions l\u00e9gales.<\/p>\n\n\n\n<h3 class=\"wp-block-heading\" id=\"haftung-links-webseite\">Responsabilit\u00e9 pour les liens sur ce site web<\/h3>\n\n\n\n<p>Notre site web contient des liens vers d'autres sites web dont nous ne sommes pas responsables du contenu. Nous n'assumons aucune responsabilit\u00e9 pour les sites web li\u00e9s, car nous n'avions pas et n'avons pas connaissance d'activit\u00e9s ill\u00e9gales, nous n'avons pas non plus remarqu\u00e9 de telles ill\u00e9galit\u00e9s jusqu'\u00e0 pr\u00e9sent et nous supprimerions imm\u00e9diatement les liens si nous avions connaissance d'ill\u00e9galit\u00e9s.<\/p>\n\n\n\n<p>Si vous remarquez des liens ill\u00e9gaux sur notre site, nous vous prions de nous contacter. Vous trouverez nos coordonn\u00e9es dans les mentions l\u00e9gales.<\/p>\n\n\n\n<h3 class=\"wp-block-heading\" id=\"urheberrechtshinweis\">Avis de droit d'auteur<\/h3>\n\n\n\n<p>Tous les contenus de ce site web (images, photos, textes, vid\u00e9os) sont soumis au droit d'auteur. Veuillez nous consulter avant de diffuser, de reproduire ou d'exploiter le contenu de ce site, comme par exemple le republier sur d'autres sites. Si n\u00e9cessaire, nous poursuivrons en justice toute utilisation non autoris\u00e9e d'une partie du contenu de notre site.<\/p>\n\n\n\n<p>Si vous trouvez sur ce site des contenus qui violent vos droits d'auteur, nous vous prions de nous contacter imm\u00e9diatement.<\/p>","protected":false},"excerpt":{"rendered":"<p>ICUserver GmbH&nbsp;G\u00f6ttweiger Stra\u00dfe, 23131 Inzersdorf-Getzersdorf\u00d6sterreich&nbsp;E-Mail:&nbsp;info@icuserver.com&nbsp; Gesch\u00e4ftsf\u00fchrer: Mag. Burkhard Weiss&nbsp;UID-Nummer: ATU73215415Firmenbuchnummer: FN489066S&nbsp;Firmenbuchgericht: Landesgericht St. P\u00f6lten Das Unternehmen ist&nbsp;Mitglied der Wirtschaftskammer&nbsp;Nieder\u00f6sterreich UID Deutschland:\u00a0DE317723265 Weitere Angaben Wir unterliegen der Gewerbeordnung. Sie finden diese im RIS unter https:\/\/ris.bka.gv.at. EU-Streitschlichtung Gem\u00e4\u00df Verordnung \u00fcber Online-Streitbeilegung in Verbraucherangelegenheiten (ODR-Verordnung) m\u00f6chten wir Sie \u00fcber die Online-Streitbeilegungsplattform (OS-Plattform) informieren.Verbraucher haben die M\u00f6glichkeit, Beschwerden an [&hellip;]<\/p>\n","protected":false},"author":2,"featured_media":0,"parent":0,"menu_order":0,"comment_status":"closed","ping_status":"closed","template":"","meta":{"footnotes":""},"class_list":["post-3207","page","type-page","status-publish","hentry"],"_links":{"self":[{"href":"https:\/\/help.icuserver.com\/fr\/wp-json\/wp\/v2\/pages\/3207","targetHints":{"allow":["GET"]}}],"collection":[{"href":"https:\/\/help.icuserver.com\/fr\/wp-json\/wp\/v2\/pages"}],"about":[{"href":"https:\/\/help.icuserver.com\/fr\/wp-json\/wp\/v2\/types\/page"}],"author":[{"embeddable":true,"href":"https:\/\/help.icuserver.com\/fr\/wp-json\/wp\/v2\/users\/2"}],"replies":[{"embeddable":true,"href":"https:\/\/help.icuserver.com\/fr\/wp-json\/wp\/v2\/comments?post=3207"}],"version-history":[{"count":3,"href":"https:\/\/help.icuserver.com\/fr\/wp-json\/wp\/v2\/pages\/3207\/revisions"}],"predecessor-version":[{"id":3226,"href":"https:\/\/help.icuserver.com\/fr\/wp-json\/wp\/v2\/pages\/3207\/revisions\/3226"}],"wp:attachment":[{"href":"https:\/\/help.icuserver.com\/fr\/wp-json\/wp\/v2\/media?parent=3207"}],"curies":[{"name":"wp","href":"https:\/\/api.w.org\/{rel}","templated":true}]}}