{"id":3420,"date":"2025-06-11T09:08:07","date_gmt":"2025-06-11T07:08:07","guid":{"rendered":"https:\/\/help.icuserver.com\/?page_id=3420"},"modified":"2025-06-11T09:10:55","modified_gmt":"2025-06-11T07:10:55","slug":"barrierefreiheit","status":"publish","type":"page","link":"https:\/\/help.icuserver.com\/lt\/barrierefreiheit","title":{"rendered":"Prieinamumo deklaracija"},"content":{"rendered":"<p>Svetain\u0117 <strong>ICUserver GmbH<\/strong> ir <strong>NatureWebServices GmbH<\/strong>, toliau - ICU, kuriai atstovauja Burkhardas Weissas, siekia, kad jos interneto svetain\u0117s b\u016bt\u0173 prieinamos pagal Federalin\u012f \u012fstatym\u0105 d\u0117l interneto svetaini\u0173 ir mobili\u0173j\u0173 program\u0173 prieinamumo be kli\u016b\u010di\u0173 (Web Accessibility Act - WZG) BGBl. I. Nr. 59\/2019 su pakeitimais, kad jos b\u016bt\u0173 prieinamos be kli\u016b\u010di\u0173.<\/p>\n\n\n\n<p>\u0160i prieinamumo deklaracija taikoma domenams: <br><strong>icuserver.com<\/strong><br><strong>icu-clom.com<\/strong><\/p>\n\n\n\n<h3 class=\"wp-block-heading\">Suderinamumo su reikalavimais b\u016bkl\u0117<\/h3>\n\n\n\n<p>\u0160i svetain\u0117 yra apsaugota d\u0117l \u0161i\u0173 prie\u017eas\u010di\u0173 <strong>Nesuderinamumai<\/strong> ir <strong>I\u0161imtys<\/strong> <strong>i\u0161 dalies<\/strong> atitinka \u201e\u017diniatinklio turinio prieinamumo gairi\u0173 - WCAG 2.1\u201c AA atitikties lyg\u012f arba taikytin\u0105 Europos standart\u0105 EN 301 549 V3.2.1 (2021-03) pagal Europos Parlamento ir Tarybos direktyv\u0105 (ES) 2016\/2102.<\/p>\n\n\n\n<h3 class=\"wp-block-heading\">Neprieinamas turinys<\/h3>\n\n\n\n<h4 class=\"wp-block-heading\">a. Nesuderinamumas su prieinamumo taisykl\u0117mis<\/h4>\n\n\n\n<ul class=\"wp-block-list\">\n<li><strong>Klaviat\u016bros navigacija ir fokusavimo \u017eym\u0117jimas<\/strong>: <br>Kai kuri\u0173 interaktyvi\u0173j\u0173 element\u0173 dar negalima visi\u0161kai valdyti klaviat\u016bra arba jie nepakankamai pa\u017eym\u0117ti.<\/li>\n\n\n\n<li><strong>Tr\u016bksta alternatyvi\u0173 vaizd\u0173 tekst\u0173<\/strong>: <br>Kai kuriuose dekoratyviniuose paveiksl\u0117liuose dar n\u0117ra alternatyvi\u0173 tekst\u0173.<\/li>\n\n\n\n<li><strong>Ma\u017eas spalv\u0173 kontrastas<\/strong>: <br>D\u0117l m\u016bs\u0173 firminio dizaino kai kurie teksto elementai yra nepakankamai kontrasting\u0173 spalv\u0173, tod\u0117l gali b\u016bti sunkiau \u012fskaitomi \u017emon\u0117ms su regos sutrikimais.<\/li>\n\n\n\n<li><strong>Sud\u0117tinga kalba<\/strong>: <br>Kai kuriose svetain\u0117s dalyse vartojamas techninis \u017eargonas, tarm\u0117, \u012fprastos santrumpos ar sud\u0117tingos sakini\u0173 strukt\u016bros, kurios gali b\u016bti sunkiai suprantamos \u017emon\u0117ms su pa\u017einimo sutrikimais.<\/li>\n<\/ul>\n\n\n\n<h4 class=\"wp-block-heading\">b. Neproporcinga na\u0161ta<\/h4>\n\n\n\n<ul class=\"wp-block-list\">\n<li><strong>Prieinami PDF dokumentai<\/strong>: <br>Daugelis PDF dokument\u0173 (pvz., gamini\u0173 vadovai, naudojimo instrukcijos ir pan.) buvo sukurti prie\u0161 \u012fsigaliojant prieinamumo reikalavimams, tod\u0117l v\u0117liau j\u0173 negalima padaryti visi\u0161kai prieinam\u0173.<\/li>\n\n\n\n<li><strong>Vaizdo \u012fra\u0161\u0173 garso apra\u0161ymai<\/strong>: <br>\u0160iuo metu ne visuose \u012fterptuose vaizdo \u012fra\u0161uose yra garso apra\u0161ymai.<\/li>\n\n\n\n<li><strong>Nepakankamas klaviat\u016bros funkcionalumas<\/strong>: <br>Ne visus interaktyvius elementus galima visi\u0161kai valdyti klaviat\u016bra arba juose matomi fokusavimo \u017eymekliai.<\/li>\n<\/ul>\n\n\n\n<h4 class=\"wp-block-heading\">c. Turinys, kuris nepatenka \u012f taikom\u0173 teis\u0117s akt\u0173 taikymo srit\u012f<\/h4>\n\n\n\n<ul class=\"wp-block-list\">\n<li><strong>Archyvuoti dokumentai ir turinys<\/strong>, <br>paskelbti iki 2025 m. bir\u017eelio 28 d. (pvz., senesni PDF dokumentai ir daugialyp\u0117s terp\u0117s turinys).<\/li>\n\n\n\n<li><strong>I\u0161orinis turinys ir \u012fterptosios tre\u010di\u0173j\u0173 \u0161ali\u0173 paslaug\u0173 teik\u0117j\u0173 paslaugos<\/strong> <br>(pvz., socialin\u0117s \u017einiasklaidos kanalai, \u017eem\u0117lapiai ar papildiniai), kurie nepriklauso <strong>INTENSYVIOSIOS TERAPIJOS SKYRIUS<\/strong> melas.<\/li>\n<\/ul>\n\n\n\n<h3 class=\"wp-block-heading\">Prieinamumo deklaracijos rengimas<\/h3>\n\n\n\n<p>Deklaracija buvo parengta remiantis <strong>INTENSYVIOSIOS TERAPIJOS SKYRIUS<\/strong> atliktas <strong>Sav\u0119s vertinimas<\/strong> ir m\u016bs\u0173 \u017einiatinklio agent\u016bros atlikt\u0105 vertinim\u0105 <a href=\"https:\/\/die.konzeptionisten.at\" target=\"_blank\" rel=\"noreferrer noopener\">die konzeptionisten GmbH<\/a> sukurtas.<\/p>\n\n\n\n<p>\u0160i deklaracija paskutin\u012f kart\u0105 atnaujinta <strong>09.06.2025<\/strong> patikrintas.<\/p>\n\n\n\n<h3 class=\"wp-block-heading\">Atsiliepimai ir kontaktin\u0117 informacija<\/h3>\n\n\n\n<p>Jei m\u016bs\u0173 svetain\u0117je pasteb\u0117jote kli\u016b\u010di\u0173 arba jums reikia informacijos apie neprieinam\u0105 turin\u012f, susisiekite su mumis el. pa\u0161tu:<\/p>\n\n\n\n<p><strong>ICUserver GmbH<\/strong><br>? info@icuserver.com<\/p>\n\n\n\n<h3 class=\"wp-block-heading\">Vykdymo procesas<\/h3>\n\n\n\n<p>Jei atsakymai pirmiau nurodytais kontaktiniais b\u016bdais netenkina, galite pateikti skund\u0105 <strong>Austrijos ribotos atsakomyb\u0117s mokslini\u0173 tyrim\u0173 r\u0117mimo agent\u016bros (FFG) skund\u0173 biuras<\/strong> susisiekti. FFG priima parai\u0161kas per <a href=\"https:\/\/www.digitalbarrierefrei.at\/de\/beschwerde-einreichen\/informationen-zum-beschwerdeprozess\" target=\"_blank\" rel=\"noreferrer noopener nofollow\">Skund\u0173 biuro kontaktin\u0117 forma<\/a> skundus elektroniniu b\u016bdu.<\/p>\n\n\n\n<p>FFG nagrin\u0117ja skundus, siekdama nustatyti, ar jie susij\u0119 su Interneto prieinamumo akto nuostat\u0173 pa\u017eeidimais, ypa\u010d su federalin\u0117s vyriausyb\u0117s ar jai priskirtinos organizacijos prieinamumo reikalavim\u0173 laikymosi tr\u016bkumais.<\/p>\n\n\n\n<p>Jei skundas pagr\u012fstas, FFG turi pateikti rekomendacijas federalinei vyriausybei arba atitinkamiems juridiniams asmenims ir pasi\u016blyti priemones esamiems tr\u016bkumams pa\u0161alinti.<\/p>","protected":false},"excerpt":{"rendered":"<p>Die ICUserver GmbH und NatureWebServices GmbH, fortlaufend als &#8222;ICU&#8220; angef\u00fchrt und vertreten durch Herrn Mag. Burkhard Weiss ist bem\u00fcht, ihre Websiten im Einklang mit dem Bundesgesetz \u00fcber den barrierefreien Zugang zu Websites und mobilen Anwendungen des Bundes (Web-Zug\u00e4nglichkeits-Gesetz \u2013 WZG) BGBl. I. Nr. 59\/2019 idgF, barrierefrei zug\u00e4nglich zu machen. Diese Erkl\u00e4rung zur Barrierefreiheit gilt f\u00fcr [&hellip;]<\/p>\n","protected":false},"author":2,"featured_media":0,"parent":0,"menu_order":0,"comment_status":"closed","ping_status":"closed","template":"","meta":{"footnotes":""},"class_list":["post-3420","page","type-page","status-publish","hentry"],"_links":{"self":[{"href":"https:\/\/help.icuserver.com\/lt\/wp-json\/wp\/v2\/pages\/3420","targetHints":{"allow":["GET"]}}],"collection":[{"href":"https:\/\/help.icuserver.com\/lt\/wp-json\/wp\/v2\/pages"}],"about":[{"href":"https:\/\/help.icuserver.com\/lt\/wp-json\/wp\/v2\/types\/page"}],"author":[{"embeddable":true,"href":"https:\/\/help.icuserver.com\/lt\/wp-json\/wp\/v2\/users\/2"}],"replies":[{"embeddable":true,"href":"https:\/\/help.icuserver.com\/lt\/wp-json\/wp\/v2\/comments?post=3420"}],"version-history":[{"count":2,"href":"https:\/\/help.icuserver.com\/lt\/wp-json\/wp\/v2\/pages\/3420\/revisions"}],"predecessor-version":[{"id":3422,"href":"https:\/\/help.icuserver.com\/lt\/wp-json\/wp\/v2\/pages\/3420\/revisions\/3422"}],"wp:attachment":[{"href":"https:\/\/help.icuserver.com\/lt\/wp-json\/wp\/v2\/media?parent=3420"}],"curies":[{"name":"wp","href":"https:\/\/api.w.org\/{rel}","templated":true}]}}