{"id":628,"date":"2021-09-27T17:17:25","date_gmt":"2021-09-27T15:17:25","guid":{"rendered":"https:\/\/help.icuserver.com\/?page_id=628"},"modified":"2023-12-22T13:38:06","modified_gmt":"2023-12-22T11:38:06","slug":"status","status":"publish","type":"page","link":"https:\/\/help.icuserver.com\/lt\/status","title":{"rendered":"Statusas"},"content":{"rendered":"<div data-elementor-type=\"wp-page\" data-elementor-id=\"628\" class=\"elementor elementor-628\" data-elementor-post-type=\"page\">\n\t\t\t\t\t\t<section class=\"elementor-section elementor-top-section elementor-element elementor-element-6cdb724c elementor-section-boxed elementor-section-height-default elementor-section-height-default\" data-id=\"6cdb724c\" data-element_type=\"section\" data-e-type=\"section\">\n\t\t\t\t\t\t<div class=\"elementor-container elementor-column-gap-default\">\n\t\t\t\t\t<div class=\"elementor-column elementor-col-100 elementor-top-column elementor-element elementor-element-11549cdd\" data-id=\"11549cdd\" data-element_type=\"column\" data-e-type=\"column\">\n\t\t\t<div class=\"elementor-widget-wrap elementor-element-populated\">\n\t\t\t\t\t\t<div class=\"elementor-element elementor-element-b67bd33 elementor-widget elementor-widget-heading\" data-id=\"b67bd33\" data-element_type=\"widget\" data-e-type=\"widget\" data-widget_type=\"heading.default\">\n\t\t\t\t<div class=\"elementor-widget-container\">\n\t\t\t\t\t<h1 class=\"elementor-heading-title elementor-size-default\">Statusas<\/h1>\t\t\t\t<\/div>\n\t\t\t\t<\/div>\n\t\t\t\t<section class=\"elementor-section elementor-inner-section elementor-element elementor-element-caf6855 elementor-section-boxed elementor-section-height-default elementor-section-height-default\" data-id=\"caf6855\" data-element_type=\"section\" data-e-type=\"section\">\n\t\t\t\t\t\t<div class=\"elementor-container elementor-column-gap-wide\">\n\t\t\t\t\t<div class=\"elementor-column elementor-col-50 elementor-inner-column elementor-element elementor-element-7475cb6\" data-id=\"7475cb6\" data-element_type=\"column\" data-e-type=\"column\">\n\t\t\t<div class=\"elementor-widget-wrap elementor-element-populated\">\n\t\t\t\t\t\t<div class=\"elementor-element elementor-element-9c3b0f3 elementor-widget elementor-widget-image\" data-id=\"9c3b0f3\" data-element_type=\"widget\" data-e-type=\"widget\" data-widget_type=\"image.default\">\n\t\t\t\t<div class=\"elementor-widget-container\">\n\t\t\t\t\t\t\t\t\t\t\t\t\t\t\t<img fetchpriority=\"high\" decoding=\"async\" width=\"2272\" height=\"1164\" src=\"https:\/\/help.icuserver.com\/wp-content\/uploads\/2023\/12\/8eec60_4d59e1cfde22472086b46a531e0e37a9mv2.png\" class=\"attachment-full size-full wp-image-2834\" alt=\"icu tinklo apr\u0117ptis\" srcset=\"https:\/\/help.icuserver.com\/wp-content\/uploads\/2023\/12\/8eec60_4d59e1cfde22472086b46a531e0e37a9mv2.png 2272w, https:\/\/help.icuserver.com\/wp-content\/uploads\/2023\/12\/8eec60_4d59e1cfde22472086b46a531e0e37a9mv2-300x154.png 300w, https:\/\/help.icuserver.com\/wp-content\/uploads\/2023\/12\/8eec60_4d59e1cfde22472086b46a531e0e37a9mv2-1024x525.png 1024w, https:\/\/help.icuserver.com\/wp-content\/uploads\/2023\/12\/8eec60_4d59e1cfde22472086b46a531e0e37a9mv2-768x393.png 768w, https:\/\/help.icuserver.com\/wp-content\/uploads\/2023\/12\/8eec60_4d59e1cfde22472086b46a531e0e37a9mv2-1536x787.png 1536w, https:\/\/help.icuserver.com\/wp-content\/uploads\/2023\/12\/8eec60_4d59e1cfde22472086b46a531e0e37a9mv2-2048x1049.png 2048w, https:\/\/help.icuserver.com\/wp-content\/uploads\/2023\/12\/8eec60_4d59e1cfde22472086b46a531e0e37a9mv2-18x9.png 18w\" sizes=\"(max-width: 2272px) 100vw, 2272px\" \/>\t\t\t\t\t\t\t\t\t\t\t\t\t\t\t<\/div>\n\t\t\t\t<\/div>\n\t\t\t\t\t<\/div>\n\t\t<\/div>\n\t\t\t\t<div class=\"elementor-column elementor-col-50 elementor-inner-column elementor-element elementor-element-5a361aa\" data-id=\"5a361aa\" data-element_type=\"column\" data-e-type=\"column\">\n\t\t\t<div class=\"elementor-widget-wrap elementor-element-populated\">\n\t\t\t\t\t\t<div class=\"elementor-element elementor-element-3450d29a elementor-hidden-desktop elementor-hidden-tablet elementor-hidden-mobile elementor-widget elementor-widget-text-editor\" data-id=\"3450d29a\" data-element_type=\"widget\" data-e-type=\"widget\" data-widget_type=\"text-editor.default\">\n\t\t\t\t<div class=\"elementor-widget-container\">\n\t\t\t\t\t\t\t\t\t<p><\/p>\n<p>Dabartin\u0117 informacija apie <strong>Serverio b\u016bsena<\/strong> ir <strong>Technin\u0117s prie\u017ei\u016bros datos<\/strong>:<\/p>\n<p>\u00a0<\/p>\n<p><\/p>\n<p><strong>Serverio b\u016bsena: <\/strong><\/p>\n<p><span style=\"color: #ff0000;\"><strong>Deja, vienas i\u0161 m\u016bs\u0173 telekomunikacij\u0173 partneri\u0173 \u0161iuo metu patiria sutrikim\u0173.<\/strong><\/span><\/p>\n<p>Sprendimas jau kuriamas.\u00a0<\/p>\n<p><\/p>\t\t\t\t\t\t\t\t<\/div>\n\t\t\t\t<\/div>\n\t\t\t\t<div class=\"elementor-element elementor-element-8ac9b52 elementor-widget elementor-widget-text-editor\" data-id=\"8ac9b52\" data-element_type=\"widget\" data-e-type=\"widget\" data-widget_type=\"text-editor.default\">\n\t\t\t\t<div class=\"elementor-widget-container\">\n\t\t\t\t\t\t\t\t\t\n<p>Dabartin\u0117 informacija apie <strong>Serverio b\u016bsena<\/strong> ir <strong>Technin\u0117s prie\u017ei\u016bros datos<\/strong>:<\/p>\n<p>\u00a0<\/p>\n\n<p><strong>Serverio b\u016bsena: \u00a0<\/strong><\/p>\n\n<p class=\"has-vivid-cyan-blue-color has-text-color\"><strong>\u2713<\/strong> <strong>Prisijung\u0119 - nes\u0117kmi\u0173 n\u0117ra<\/strong><\/p>\n\n<p>\u00a0<\/p>\n<p>\u00a0<\/p>\n\t\t\t\t\t\t\t\t<\/div>\n\t\t\t\t<\/div>\n\t\t\t\t\t<\/div>\n\t\t<\/div>\n\t\t\t\t\t<\/div>\n\t\t<\/section>\n\t\t\t\t<div class=\"elementor-element elementor-element-db5a968 elementor-widget elementor-widget-text-editor\" data-id=\"db5a968\" data-element_type=\"widget\" data-e-type=\"widget\" data-widget_type=\"text-editor.default\">\n\t\t\t\t<div class=\"elementor-widget-container\">\n\t\t\t\t\t\t\t\t\t\n<p><strong>Kita technin\u0117s prie\u017ei\u016bros data: <\/strong><\/p>\n\n<p>- \u0160iuo metu serverio prie\u017ei\u016bra neplanuojama<\/p>\n\n<p>\u00a0<\/p>\n\n<p><strong>Bendra pastaba:<\/strong><\/p>\n\n<p>Skelbiami laikini paslaug\u0173 teikimo sutrikimai, atsirandantys atliekant serverio technin\u0119 prie\u017ei\u016br\u0105.\u00a0<\/p>\n<p>\u00a0<\/p>\n<p>\u00a0<\/p>\n<p>\u00a0<\/p>\n<p>\u00a0<\/p>\n\t\t\t\t\t\t\t\t<\/div>\n\t\t\t\t<\/div>\n\t\t\t\t\t<\/div>\n\t\t<\/div>\n\t\t\t\t\t<\/div>\n\t\t<\/section>\n\t\t\t\t<\/div>","protected":false},"excerpt":{"rendered":"<p>Aktueller Informationen zu Serverstatus und Wartungsterminen: \u00a0 Server Status: Leider kommt es derzeit zu Ausf\u00e4llen bei einem unserer Telekom-Partner. An der L\u00f6sung wird bereits gearbeitet.\u00a0 Aktueller Informationen zu Serverstatus und Wartungsterminen: \u00a0 Server Status: \u00a0 \u2713 Online &#8211; Keine Ausf\u00e4lle \u00a0 \u00a0 N\u00e4chster Wartungstermin: &#8212; Aktuell keine Serverwartungen geplant \u00a0 Allgemeiner Hinweis: Bei Serverwartungen kommt [&hellip;]<\/p>\n","protected":false},"author":2,"featured_media":0,"parent":0,"menu_order":0,"comment_status":"closed","ping_status":"closed","template":"","meta":{"footnotes":""},"class_list":["post-628","page","type-page","status-publish","hentry"],"_links":{"self":[{"href":"https:\/\/help.icuserver.com\/lt\/wp-json\/wp\/v2\/pages\/628","targetHints":{"allow":["GET"]}}],"collection":[{"href":"https:\/\/help.icuserver.com\/lt\/wp-json\/wp\/v2\/pages"}],"about":[{"href":"https:\/\/help.icuserver.com\/lt\/wp-json\/wp\/v2\/types\/page"}],"author":[{"embeddable":true,"href":"https:\/\/help.icuserver.com\/lt\/wp-json\/wp\/v2\/users\/2"}],"replies":[{"embeddable":true,"href":"https:\/\/help.icuserver.com\/lt\/wp-json\/wp\/v2\/comments?post=628"}],"version-history":[{"count":5,"href":"https:\/\/help.icuserver.com\/lt\/wp-json\/wp\/v2\/pages\/628\/revisions"}],"predecessor-version":[{"id":2837,"href":"https:\/\/help.icuserver.com\/lt\/wp-json\/wp\/v2\/pages\/628\/revisions\/2837"}],"wp:attachment":[{"href":"https:\/\/help.icuserver.com\/lt\/wp-json\/wp\/v2\/media?parent=628"}],"curies":[{"name":"wp","href":"https:\/\/api.w.org\/{rel}","templated":true}]}}