{"id":3207,"date":"2024-07-31T10:38:01","date_gmt":"2024-07-31T08:38:01","guid":{"rendered":"https:\/\/help.icuserver.com\/?page_id=3207"},"modified":"2024-07-31T11:51:40","modified_gmt":"2024-07-31T09:51:40","slug":"icu-imprint","status":"publish","type":"page","link":"https:\/\/help.icuserver.com\/no\/icu-imprint","title":{"rendered":"Avtrykk ICUserver GmbH"},"content":{"rendered":"<p><strong>INTENSIVAVDELING<\/strong>server GmbH&nbsp;<br>G\u00f6ttweiger Stra\u00dfe, 2<br>3131 Inzersdorf-Getzersdorf<br>\u00d8sterrike&nbsp;<br>E-post:&nbsp;<a href=\"mailto:info@icuserver.com?subject=Impressum%20Link\">info@icuserver.com&nbsp;<\/a><br><br>Administrerende direkt\u00f8r: Burkhard Weiss&nbsp;<br>UID-nummer: ATU73215415<br>Foretaksregisternummer: FN489066S&nbsp;<br>Handelsregisterdomstol: Provinsretten i St. P\u00f6lten (Landesgericht St. P\u00f6lten)<\/p>\n\n\n\n<p>Selskapet er&nbsp;<a href=\"http:\/\/www.wkoecg.at\/Web\/Ecg.aspx?FirmaID=3d6eaff9-060a-4a15-899a-33c5040f0b85\" class=\"\" target=\"_blank\" rel=\"noreferrer noopener\">Medlem av handelskammeret<\/a>&nbsp;Nieder\u00f6sterreich<\/p>\n\n\n\n<p>UID Tyskland: DE317723265<\/p>\n\n\n\n<h2 class=\"wp-block-heading\">Ytterligere informasjon<\/h2>\n\n\n\n<p>Vi er underlagt handelsreguleringsloven. Du finner denne i RIS under <a href=\"https:\/\/ris.bka.gv.at\" target=\"_blank\" rel=\"noreferrer noopener\">https:\/\/ris.bka.gv.at<\/a>.<\/p>\n\n\n\n<h3 class=\"wp-block-heading\">Tvistel\u00f8sning i EU<\/h3>\n\n\n\n<p>I samsvar med forordningen om tvistel\u00f8sning p\u00e5 nett i forbrukersaker (ODR-forordningen), \u00f8nsker vi \u00e5 informere deg om plattformen for tvistel\u00f8sning p\u00e5 nett (OS-plattformen).<br>Forbrukerne har mulighet til \u00e5 sende inn klager til Europakommisjonens nettbaserte plattform for tvistel\u00f8sning p\u00e5&nbsp;<a href=\"https:\/\/ec.europa.eu\/consumers\/odr\/main\/index.cfm?event=main.home2.show&amp;lng=DE\" target=\"_blank\" rel=\"noreferrer noopener\">http:\/\/ec.europa.eu\/odr?tid=121890433<\/a>&nbsp;til adressen. Du finner de n\u00f8dvendige kontaktopplysningene ovenfor i v\u00e5r juridiske merknad.<\/p>\n\n\n\n<p>Vi vil imidlertid p\u00e5peke at vi ikke er villige eller forpliktet til \u00e5 delta i en tvistel\u00f8sningsprosess i en voldgiftsnemnd for forbrukere.<\/p>\n\n\n\n<h3 class=\"wp-block-heading\">Ansvar for innholdet p\u00e5 dette nettstedet<\/h3>\n\n\n\n<p>Vi utvikler kontinuerlig innholdet p\u00e5 dette nettstedet og bestreber oss p\u00e5 \u00e5 gi korrekt og oppdatert informasjon. Vi kan dessverre ikke p\u00e5ta oss noe ansvar for n\u00f8yaktigheten av alt innhold p\u00e5 dette nettstedet, spesielt ikke for det som leveres av tredjeparter. Som tjenesteleverand\u00f8r er vi ikke forpliktet til \u00e5 overv\u00e5ke informasjonen som overf\u00f8res eller lagres av dem, eller til \u00e5 etterforske forhold som tyder p\u00e5 ulovlig aktivitet.<\/p>\n\n\n\n<p>V\u00e5re forpliktelser til \u00e5 fjerne informasjon eller blokkere bruken av informasjon i samsvar med de generelle lovene som f\u00f8lge av rettslige eller offisielle p\u00e5legg, forblir up\u00e5virket selv om vi ikke er ansvarlige.<\/p>\n\n\n\n<p>Hvis du oppdager problematisk eller ulovlig innhold, ber vi deg kontakte oss umiddelbart, slik at vi kan fjerne det ulovlige innholdet. Du finner kontaktopplysningene i avtrykket.<\/p>\n\n\n\n<h3 class=\"wp-block-heading\" id=\"haftung-links-webseite\">Ansvar for lenker p\u00e5 dette nettstedet<\/h3>\n\n\n\n<p>Nettstedet v\u00e5rt inneholder lenker til andre nettsteder som vi ikke er ansvarlige for innholdet p\u00e5. Vi er ikke ansvarlige for lenkede nettsteder, da vi ikke hadde og ikke har kjennskap til ulovlige aktiviteter, vi har ikke lagt merke til noen slike ulovlige aktiviteter til dags dato, og vi ville fjerne lenker umiddelbart hvis vi ble kjent med ulovlige aktiviteter.<\/p>\n\n\n\n<p>Hvis du oppdager ulovlige lenker p\u00e5 nettstedet v\u00e5rt, ber vi deg ta kontakt med oss. Du finner kontaktopplysningene i avtrykket.<\/p>\n\n\n\n<h3 class=\"wp-block-heading\" id=\"urheberrechtshinweis\">Merknad om opphavsrett<\/h3>\n\n\n\n<p>Alt innhold p\u00e5 dette nettstedet (bilder, fotografier, tekster, videoer) er underlagt opphavsrett. Vennligst sp\u00f8r oss f\u00f8r du distribuerer, reproduserer eller bruker innholdet p\u00e5 dette nettstedet, for eksempel ved \u00e5 publisere det p\u00e5 andre nettsteder. Om n\u00f8dvendig vil vi ta rettslige skritt mot uautorisert bruk av deler av innholdet p\u00e5 nettstedet v\u00e5rt.<\/p>\n\n\n\n<p>Hvis du finner innhold p\u00e5 dette nettstedet som krenker opphavsretten din, ber vi deg kontakte oss umiddelbart.<\/p>","protected":false},"excerpt":{"rendered":"<p>ICUserver GmbH&nbsp;G\u00f6ttweiger Stra\u00dfe, 23131 Inzersdorf-Getzersdorf\u00d6sterreich&nbsp;E-Mail:&nbsp;info@icuserver.com&nbsp; Gesch\u00e4ftsf\u00fchrer: Mag. Burkhard Weiss&nbsp;UID-Nummer: ATU73215415Firmenbuchnummer: FN489066S&nbsp;Firmenbuchgericht: Landesgericht St. P\u00f6lten Das Unternehmen ist&nbsp;Mitglied der Wirtschaftskammer&nbsp;Nieder\u00f6sterreich UID Deutschland:\u00a0DE317723265 Weitere Angaben Wir unterliegen der Gewerbeordnung. Sie finden diese im RIS unter https:\/\/ris.bka.gv.at. EU-Streitschlichtung Gem\u00e4\u00df Verordnung \u00fcber Online-Streitbeilegung in Verbraucherangelegenheiten (ODR-Verordnung) m\u00f6chten wir Sie \u00fcber die Online-Streitbeilegungsplattform (OS-Plattform) informieren.Verbraucher haben die M\u00f6glichkeit, Beschwerden an [&hellip;]<\/p>\n","protected":false},"author":2,"featured_media":0,"parent":0,"menu_order":0,"comment_status":"closed","ping_status":"closed","template":"","meta":{"footnotes":""},"class_list":["post-3207","page","type-page","status-publish","hentry"],"_links":{"self":[{"href":"https:\/\/help.icuserver.com\/no\/wp-json\/wp\/v2\/pages\/3207","targetHints":{"allow":["GET"]}}],"collection":[{"href":"https:\/\/help.icuserver.com\/no\/wp-json\/wp\/v2\/pages"}],"about":[{"href":"https:\/\/help.icuserver.com\/no\/wp-json\/wp\/v2\/types\/page"}],"author":[{"embeddable":true,"href":"https:\/\/help.icuserver.com\/no\/wp-json\/wp\/v2\/users\/2"}],"replies":[{"embeddable":true,"href":"https:\/\/help.icuserver.com\/no\/wp-json\/wp\/v2\/comments?post=3207"}],"version-history":[{"count":3,"href":"https:\/\/help.icuserver.com\/no\/wp-json\/wp\/v2\/pages\/3207\/revisions"}],"predecessor-version":[{"id":3226,"href":"https:\/\/help.icuserver.com\/no\/wp-json\/wp\/v2\/pages\/3207\/revisions\/3226"}],"wp:attachment":[{"href":"https:\/\/help.icuserver.com\/no\/wp-json\/wp\/v2\/media?parent=3207"}],"curies":[{"name":"wp","href":"https:\/\/api.w.org\/{rel}","templated":true}]}}