{"id":3207,"date":"2024-07-31T10:38:01","date_gmt":"2024-07-31T08:38:01","guid":{"rendered":"https:\/\/help.icuserver.com\/?page_id=3207"},"modified":"2024-07-31T11:51:40","modified_gmt":"2024-07-31T09:51:40","slug":"icu-imprint","status":"publish","type":"page","link":"https:\/\/help.icuserver.com\/pl\/icu-imprint","title":{"rendered":"Imprint ICUserver GmbH"},"content":{"rendered":"<p><strong>ODDZIA\u0141 INTENSYWNEJ TERAPII<\/strong>serwer GmbH&nbsp;<br>G\u00f6ttweiger Stra\u00dfe, 2<br>3131 Inzersdorf-Getzersdorf<br>Austria&nbsp;<br>E-mail:&nbsp;<a href=\"mailto:info@icuserver.com?subject=Impressum%20Link\">info@icuserver.com&nbsp;<\/a><br><br>Dyrektor zarz\u0105dzaj\u0105cy: Burkhard Weiss&nbsp;<br>Numer UID: ATU73215415<br>Numer w rejestrze przedsi\u0119biorstw: FN489066S&nbsp;<br>S\u0105d rejestrowy dla spraw gospodarczych: S\u0105d Wojew\u00f3dzki w St. P\u00f6lten<\/p>\n\n\n\n<p>Firma to.&nbsp;<a href=\"http:\/\/www.wkoecg.at\/Web\/Ecg.aspx?FirmaID=3d6eaff9-060a-4a15-899a-33c5040f0b85\" class=\"\" target=\"_blank\" rel=\"noreferrer noopener\">Cz\u0142onek Izby Handlowej<\/a>&nbsp;Dolna Austria<\/p>\n\n\n\n<p>UID Niemcy: DE317723265<\/p>\n\n\n\n<h2 class=\"wp-block-heading\">Wi\u0119cej informacji<\/h2>\n\n\n\n<p>Podlegamy ustawie o regulacji handlu. Mo\u017cna to znale\u017a\u0107 w RIS pod <a href=\"https:\/\/ris.bka.gv.at\" target=\"_blank\" rel=\"noreferrer noopener\">https:\/\/ris.bka.gv.at<\/a>.<\/p>\n\n\n\n<h3 class=\"wp-block-heading\">Rozstrzyganie spor\u00f3w w UE<\/h3>\n\n\n\n<p>Zgodnie z rozporz\u0105dzeniem w sprawie internetowego systemu rozstrzygania spor\u00f3w konsumenckich (rozporz\u0105dzenie ODR) chcieliby\u015bmy poinformowa\u0107 o platformie internetowego systemu rozstrzygania spor\u00f3w (platforma OS).<br>Konsumenci maj\u0105 mo\u017cliwo\u015b\u0107 sk\u0142adania skarg na internetowej platformie rozstrzygania spor\u00f3w Komisji Europejskiej pod adresem&nbsp;<a href=\"https:\/\/ec.europa.eu\/consumers\/odr\/main\/index.cfm?event=main.home2.show&amp;lng=DE\" target=\"_blank\" rel=\"noreferrer noopener\">http:\/\/ec.europa.eu\/odr?tid=121890433<\/a>&nbsp;na adres. Niezb\u0119dne dane kontaktowe znajduj\u0105 si\u0119 powy\u017cej w naszej nocie prawnej.<\/p>\n\n\n\n<p>Pragniemy jednak zaznaczy\u0107, \u017ce nie jeste\u015bmy sk\u0142onni ani zobowi\u0105zani do udzia\u0142u w post\u0119powaniu rozstrzygaj\u0105cym spory przed konsumenckim organem arbitra\u017cowym.<\/p>\n\n\n\n<h3 class=\"wp-block-heading\">Odpowiedzialno\u015b\u0107 za tre\u015b\u0107 niniejszej strony internetowej<\/h3>\n\n\n\n<p>Stale rozwijamy zawarto\u015b\u0107 tej strony internetowej i staramy si\u0119 dostarcza\u0107 prawid\u0142owe i aktualne informacje. Niestety, nie mo\u017cemy przyj\u0105\u0107 \u017cadnej odpowiedzialno\u015bci za dok\u0142adno\u015b\u0107 wszystkich tre\u015bci na tej stronie, zw\u0142aszcza tych dostarczanych przez osoby trzecie. Jako dostawca us\u0142ug nie jeste\u015bmy zobowi\u0105zani do monitorowania informacji przesy\u0142anych lub przechowywanych przez te podmioty ani do badania okoliczno\u015bci wskazuj\u0105cych na nielegaln\u0105 dzia\u0142alno\u015b\u0107.<\/p>\n\n\n\n<p>Nasze zobowi\u0105zania do usuni\u0119cia informacji lub zablokowania korzystania z informacji zgodnie z og\u00f3lnymi przepisami prawa z powodu nakaz\u00f3w s\u0105dowych lub urz\u0119dowych pozostaj\u0105 nienaruszone nawet w przypadku braku naszej odpowiedzialno\u015bci.<\/p>\n\n\n\n<p>W przypadku zauwa\u017cenia jakichkolwiek problematycznych lub nielegalnych tre\u015bci, prosimy o natychmiastowy kontakt, aby\u015bmy mogli je usun\u0105\u0107. Dane kontaktowe znajduj\u0105 si\u0119 w stopce redakcyjnej.<\/p>\n\n\n\n<h3 class=\"wp-block-heading\" id=\"haftung-links-webseite\">Odpowiedzialno\u015b\u0107 za linki na tej stronie<\/h3>\n\n\n\n<p>Nasza witryna zawiera \u0142\u0105cza do innych witryn, za kt\u00f3rych tre\u015b\u0107 nie ponosimy odpowiedzialno\u015bci. Nie ponosimy odpowiedzialno\u015bci za strony internetowe, do kt\u00f3rych prowadz\u0105 linki, poniewa\u017c nie mieli\u015bmy i nie mamy wiedzy na temat nielegalnych dzia\u0142a\u0144, nie zauwa\u017cyli\u015bmy takich nielegalnych dzia\u0142a\u0144 i natychmiast usun\u0119liby\u015bmy linki, gdyby\u015bmy dowiedzieli si\u0119 o jakichkolwiek nielegalnych dzia\u0142aniach.<\/p>\n\n\n\n<p>Je\u015bli zauwa\u017cysz jakiekolwiek nielegalne linki na naszej stronie, skontaktuj si\u0119 z nami. Dane kontaktowe znajduj\u0105 si\u0119 w stopce redakcyjnej.<\/p>\n\n\n\n<h3 class=\"wp-block-heading\" id=\"urheberrechtshinweis\">Informacja o prawach autorskich<\/h3>\n\n\n\n<p>Ca\u0142a zawarto\u015b\u0107 tej strony internetowej (obrazy, zdj\u0119cia, teksty, filmy) podlega prawom autorskim. Prosimy o zwr\u00f3cenie si\u0119 do nas przed rozpowszechnianiem, powielaniem lub wykorzystywaniem zawarto\u015bci tej strony internetowej, na przyk\u0142ad poprzez ponowne publikowanie jej na innych stronach internetowych. W razie potrzeby podejmiemy kroki prawne przeciwko nieautoryzowanemu wykorzystaniu cz\u0119\u015bci zawarto\u015bci naszej strony internetowej.<\/p>\n\n\n\n<p>W przypadku znalezienia na tej stronie tre\u015bci naruszaj\u0105cych prawa autorskie u\u017cytkownika, prosimy o niezw\u0142oczny kontakt.<\/p>","protected":false},"excerpt":{"rendered":"<p>ICUserver GmbH&nbsp;G\u00f6ttweiger Stra\u00dfe, 23131 Inzersdorf-Getzersdorf\u00d6sterreich&nbsp;E-Mail:&nbsp;info@icuserver.com&nbsp; Gesch\u00e4ftsf\u00fchrer: Mag. Burkhard Weiss&nbsp;UID-Nummer: ATU73215415Firmenbuchnummer: FN489066S&nbsp;Firmenbuchgericht: Landesgericht St. P\u00f6lten Das Unternehmen ist&nbsp;Mitglied der Wirtschaftskammer&nbsp;Nieder\u00f6sterreich UID Deutschland:\u00a0DE317723265 Weitere Angaben Wir unterliegen der Gewerbeordnung. Sie finden diese im RIS unter https:\/\/ris.bka.gv.at. EU-Streitschlichtung Gem\u00e4\u00df Verordnung \u00fcber Online-Streitbeilegung in Verbraucherangelegenheiten (ODR-Verordnung) m\u00f6chten wir Sie \u00fcber die Online-Streitbeilegungsplattform (OS-Plattform) informieren.Verbraucher haben die M\u00f6glichkeit, Beschwerden an [&hellip;]<\/p>\n","protected":false},"author":2,"featured_media":0,"parent":0,"menu_order":0,"comment_status":"closed","ping_status":"closed","template":"","meta":{"footnotes":""},"class_list":["post-3207","page","type-page","status-publish","hentry"],"_links":{"self":[{"href":"https:\/\/help.icuserver.com\/pl\/wp-json\/wp\/v2\/pages\/3207","targetHints":{"allow":["GET"]}}],"collection":[{"href":"https:\/\/help.icuserver.com\/pl\/wp-json\/wp\/v2\/pages"}],"about":[{"href":"https:\/\/help.icuserver.com\/pl\/wp-json\/wp\/v2\/types\/page"}],"author":[{"embeddable":true,"href":"https:\/\/help.icuserver.com\/pl\/wp-json\/wp\/v2\/users\/2"}],"replies":[{"embeddable":true,"href":"https:\/\/help.icuserver.com\/pl\/wp-json\/wp\/v2\/comments?post=3207"}],"version-history":[{"count":3,"href":"https:\/\/help.icuserver.com\/pl\/wp-json\/wp\/v2\/pages\/3207\/revisions"}],"predecessor-version":[{"id":3226,"href":"https:\/\/help.icuserver.com\/pl\/wp-json\/wp\/v2\/pages\/3207\/revisions\/3226"}],"wp:attachment":[{"href":"https:\/\/help.icuserver.com\/pl\/wp-json\/wp\/v2\/media?parent=3207"}],"curies":[{"name":"wp","href":"https:\/\/api.w.org\/{rel}","templated":true}]}}