{"id":3207,"date":"2024-07-31T10:38:01","date_gmt":"2024-07-31T08:38:01","guid":{"rendered":"https:\/\/help.icuserver.com\/?page_id=3207"},"modified":"2024-07-31T11:51:40","modified_gmt":"2024-07-31T09:51:40","slug":"icu-imprint","status":"publish","type":"page","link":"https:\/\/help.icuserver.com\/sl\/icu-imprint","title":{"rendered":"Odtis ICUserver GmbH"},"content":{"rendered":"<p><strong>ODDELEK ZA INTENZIVNO NEGO<\/strong>stre\u017enik GmbH&nbsp;<br>G\u00f6ttweiger Stra\u00dfe, 2<br>3131 Inzersdorf-Getzersdorf<br>Avstrija&nbsp;<br>E-po\u0161ta:&nbsp;<a href=\"mailto:info@icuserver.com?subject=Impressum%20Link\">info@icuserver.com&nbsp;<\/a><br><br>Generalni direktor: Burkhard Weiss&nbsp;<br>\u0160tevilka UID: ATU73215415<br>Registrska \u0161tevilka podjetja: FN489066S&nbsp;<br>Sodi\u0161\u010de za poslovni register: de\u017eelno sodi\u0161\u010de v St. P\u00f6ltnu<\/p>\n\n\n\n<p>Podjetje je&nbsp;<a href=\"http:\/\/www.wkoecg.at\/Web\/Ecg.aspx?FirmaID=3d6eaff9-060a-4a15-899a-33c5040f0b85\" class=\"\" target=\"_blank\" rel=\"noreferrer noopener\">\u010clanica gospodarske zbornice<\/a>&nbsp;Spodnja Avstrija<\/p>\n\n\n\n<p>UID Nem\u010dija: DE317723265<\/p>\n\n\n\n<h2 class=\"wp-block-heading\">Dodatne informacije<\/h2>\n\n\n\n<p>Za nas veljajo trgovinski predpisi. Te lahko najdete v RIS pod <a href=\"https:\/\/ris.bka.gv.at\" target=\"_blank\" rel=\"noreferrer noopener\">https:\/\/ris.bka.gv.at<\/a>.<\/p>\n\n\n\n<h3 class=\"wp-block-heading\">Re\u0161evanje sporov v EU<\/h3>\n\n\n\n<p>V skladu z Uredbo o spletnem re\u0161evanju potro\u0161ni\u0161kih sporov (Uredba o ODR) vas obve\u0161\u010damo o platformi za spletno re\u0161evanje sporov (platforma OS).<br>Potro\u0161niki lahko vlo\u017eijo prito\u017ebe na spletno platformo Evropske komisije za re\u0161evanje sporov na naslovu&nbsp;<a href=\"https:\/\/ec.europa.eu\/consumers\/odr\/main\/index.cfm?event=main.home2.show&amp;lng=DE\" target=\"_blank\" rel=\"noreferrer noopener\">http:\/\/ec.europa.eu\/odr?tid=121890433<\/a>&nbsp;obravnavati. Potrebne kontaktne podatke najdete zgoraj v na\u0161em pravnem obvestilu.<\/p>\n\n\n\n<p>Vendar \u017eelimo poudariti, da nismo pripravljeni ali dol\u017eni sodelovati v postopku re\u0161evanja sporov pred potro\u0161ni\u0161ko arbitra\u017eo.<\/p>\n\n\n\n<h3 class=\"wp-block-heading\">Odgovornost za vsebino tega spletnega mesta<\/h3>\n\n\n\n<p>Vsebino tega spletnega mesta nenehno razvijamo in si prizadevamo zagotavljati pravilne in posodobljene informacije. \u017dal ne moremo prevzeti odgovornosti za to\u010dnost vseh vsebin na tem spletnem mestu, zlasti tistih, ki jih zagotavljajo tretje osebe. Kot ponudnik storitev nismo dol\u017eni spremljati informacij, ki jih te posredujejo ali shranjujejo, ali preiskovati okoli\u0161\u010din, ki ka\u017eejo na nezakonito dejavnost.<\/p>\n\n\n\n<p>Na\u0161e obveznosti za odstranitev informacij ali blokiranje uporabe informacij v skladu s splo\u0161nimi zakoni zaradi sodnih ali uradnih odredb ostajajo nespremenjene tudi v primeru na\u0161e neodgovornosti.<\/p>\n\n\n\n<p>\u010ce opazite problemati\u010dno ali nezakonito vsebino, nas nemudoma kontaktirajte, da jo bomo lahko odstranili. Kontaktne podatke najdete v odtisu.<\/p>\n\n\n\n<h3 class=\"wp-block-heading\" id=\"haftung-links-webseite\">Odgovornost za povezave na tem spletnem mestu<\/h3>\n\n\n\n<p>Na\u0161e spletno mesto vsebuje povezave do drugih spletnih mest, za katerih vsebino nismo odgovorni. Za povezana spletna mesta nismo odgovorni, saj nismo bili in nismo seznanjeni z nezakonitimi dejavnostmi, takih nezakonitih dejavnosti nismo opazili, povezave pa bi nemudoma odstranili, \u010de bi izvedeli za kakr\u0161ne koli nezakonite dejavnosti.<\/p>\n\n\n\n<p>\u010ce na na\u0161em spletnem mestu opazite nezakonite povezave, se obrnite na nas. Kontaktne podatke najdete v odtisu.<\/p>\n\n\n\n<h3 class=\"wp-block-heading\" id=\"urheberrechtshinweis\">Obvestilo o avtorskih pravicah<\/h3>\n\n\n\n<p>Vse vsebine tega spletnega mesta (slike, fotografije, besedila, videoposnetki) so predmet avtorskih pravic. Preden raz\u0161irite, reproducirate ali uporabite vsebino tega spletnega mesta, na primer tako, da jo ponovno objavite na drugih spletnih mestih, nas prosimo, da nas o tem povpra\u0161ate. Po potrebi bomo proti nepoobla\u0161\u010deni uporabi delov vsebine na\u0161ega spletnega mesta spro\u017eili pravni postopek.<\/p>\n\n\n\n<p>\u010ce na tem spletnem mestu najdete vsebino, ki kr\u0161i va\u0161e avtorske pravice, nas nemudoma kontaktirajte.<\/p>","protected":false},"excerpt":{"rendered":"<p>ICUserver GmbH&nbsp;G\u00f6ttweiger Stra\u00dfe, 23131 Inzersdorf-Getzersdorf\u00d6sterreich&nbsp;E-Mail:&nbsp;info@icuserver.com&nbsp; Gesch\u00e4ftsf\u00fchrer: Mag. Burkhard Weiss&nbsp;UID-Nummer: ATU73215415Firmenbuchnummer: FN489066S&nbsp;Firmenbuchgericht: Landesgericht St. P\u00f6lten Das Unternehmen ist&nbsp;Mitglied der Wirtschaftskammer&nbsp;Nieder\u00f6sterreich UID Deutschland:\u00a0DE317723265 Weitere Angaben Wir unterliegen der Gewerbeordnung. Sie finden diese im RIS unter https:\/\/ris.bka.gv.at. EU-Streitschlichtung Gem\u00e4\u00df Verordnung \u00fcber Online-Streitbeilegung in Verbraucherangelegenheiten (ODR-Verordnung) m\u00f6chten wir Sie \u00fcber die Online-Streitbeilegungsplattform (OS-Plattform) informieren.Verbraucher haben die M\u00f6glichkeit, Beschwerden an [&hellip;]<\/p>\n","protected":false},"author":2,"featured_media":0,"parent":0,"menu_order":0,"comment_status":"closed","ping_status":"closed","template":"","meta":{"footnotes":""},"class_list":["post-3207","page","type-page","status-publish","hentry"],"_links":{"self":[{"href":"https:\/\/help.icuserver.com\/sl\/wp-json\/wp\/v2\/pages\/3207","targetHints":{"allow":["GET"]}}],"collection":[{"href":"https:\/\/help.icuserver.com\/sl\/wp-json\/wp\/v2\/pages"}],"about":[{"href":"https:\/\/help.icuserver.com\/sl\/wp-json\/wp\/v2\/types\/page"}],"author":[{"embeddable":true,"href":"https:\/\/help.icuserver.com\/sl\/wp-json\/wp\/v2\/users\/2"}],"replies":[{"embeddable":true,"href":"https:\/\/help.icuserver.com\/sl\/wp-json\/wp\/v2\/comments?post=3207"}],"version-history":[{"count":3,"href":"https:\/\/help.icuserver.com\/sl\/wp-json\/wp\/v2\/pages\/3207\/revisions"}],"predecessor-version":[{"id":3226,"href":"https:\/\/help.icuserver.com\/sl\/wp-json\/wp\/v2\/pages\/3207\/revisions\/3226"}],"wp:attachment":[{"href":"https:\/\/help.icuserver.com\/sl\/wp-json\/wp\/v2\/media?parent=3207"}],"curies":[{"name":"wp","href":"https:\/\/api.w.org\/{rel}","templated":true}]}}