{"id":3420,"date":"2025-06-11T09:08:07","date_gmt":"2025-06-11T07:08:07","guid":{"rendered":"https:\/\/help.icuserver.com\/?page_id=3420"},"modified":"2025-06-11T09:10:55","modified_gmt":"2025-06-11T07:10:55","slug":"barrierefreiheit","status":"publish","type":"page","link":"https:\/\/help.icuserver.com\/sl\/barrierefreiheit","title":{"rendered":"Izjava o dostopnosti"},"content":{"rendered":"<p>Spletna stran <strong>ICUserver GmbH<\/strong> in . <strong>NatureWebServices GmbH<\/strong>, v nadaljnjem besedilu \u201eICU\u201c, ki ga zastopa g. Burkhard Weiss, si prizadeva, da bi bila njegova spletna mesta dostopna v skladu z Zveznim zakonom o dostopu do spletnih mest in mobilnih aplikacij brez ovir (WZG) BGBl. I. \u0161t. 59\/2019 s spremembami, da bi bila dostopna brez ovir.<\/p>\n\n\n\n<p>Ta izjava o dostopnosti velja za domene: <br><strong>icuserver.com<\/strong><br><strong>icu-clom.com<\/strong><\/p>\n\n\n\n<h3 class=\"wp-block-heading\">Stanje zdru\u017eljivosti z zahtevami<\/h3>\n\n\n\n<p>To spletno mesto je za\u0161\u010diteno zaradi naslednjih razlogov <strong>Nezdru\u017eljivosti<\/strong> in . <strong>Izjeme<\/strong> <strong>delno<\/strong> je v skladu s stopnjo skladnosti AA \u201eSmernic za dostopnost spletnih vsebin - WCAG 2.1\u201c ali veljavnim evropskim standardom EN 301 549 V3.2.1 (2021-03) v skladu z Direktivo (EU) 2016\/2102 Evropskega parlamenta in Sveta.<\/p>\n\n\n\n<h3 class=\"wp-block-heading\">Nedostopna vsebina<\/h3>\n\n\n\n<h4 class=\"wp-block-heading\">a. Neskladnost s predpisi o dostopnosti<\/h4>\n\n\n\n<ul class=\"wp-block-list\">\n<li><strong>Navigacija po tipkovnici in ozna\u010devanje fokusa<\/strong>: <br>Nekaterih interaktivnih elementov \u0161e ni mogo\u010de v celoti upravljati s tipkovnico ali pa so premalo ozna\u010deni.<\/li>\n\n\n\n<li><strong>Manjkajo\u010da alternativna besedila za slike<\/strong>: <br>Nekatere dekorativne slike \u0161e ne vsebujejo alternativnih besedil.<\/li>\n\n\n\n<li><strong>Nizek barvni kontrast<\/strong>: <br>Zaradi na\u0161e korporativne zasnove so nekateri elementi besedila premalo barvno kontrastni, kar lahko poslab\u0161a berljivost za ljudi z okvarami vida.<\/li>\n\n\n\n<li><strong>Kompleksni jezik<\/strong>: <br>Na nekaterih delih spletnega mesta se uporabljajo tehni\u010dni \u017eargon, nare\u010dje, obi\u010dajne kratice ali zapletene stav\u010dne strukture, ki jih osebe s kognitivnimi motnjami morda te\u017eko razumejo.<\/li>\n<\/ul>\n\n\n\n<h4 class=\"wp-block-heading\">b. Nesorazmerno breme<\/h4>\n\n\n\n<ul class=\"wp-block-list\">\n<li><strong>Dostopni dokumenti PDF<\/strong>: <br>\u0160tevilni dokumenti PDF (kot so priro\u010dniki za izdelke, navodila za uporabo itd.) so bili ustvarjeni pred za\u010detkom veljavnosti zahtev glede dostopnosti in jih pozneje ni mogo\u010de narediti popolnoma dostopne.<\/li>\n\n\n\n<li><strong>Zvo\u010dni opisi za videoposnetke<\/strong>: <br>Vsi vdelani videoposnetki trenutno nimajo zvo\u010dnih opisov.<\/li>\n\n\n\n<li><strong>Nezadostna uporabnost tipkovnice<\/strong>: <br>Vseh interaktivnih elementov ni mogo\u010de v celoti upravljati s tipkovnico ali imajo vidne oznake za fokus.<\/li>\n<\/ul>\n\n\n\n<h4 class=\"wp-block-heading\">c. Vsebina, ki ne spada na podro\u010dje uporabe veljavne zakonodaje<\/h4>\n\n\n\n<ul class=\"wp-block-list\">\n<li><strong>Arhivirani dokumenti in vsebina<\/strong>, <br>objavljene pred 28. junijem 2025 (npr. starej\u0161e datoteke PDF in ve\u010dpredstavnostne vsebine).<\/li>\n\n\n\n<li><strong>Zunanje vsebine in vgrajene storitve tretjih ponudnikov.<\/strong> <br>(npr. kanali dru\u017ebenih medijev, zemljevidi ali vti\u010dniki), ki so zunaj podro\u010dja vpliva <strong>ODDELEK ZA INTENZIVNO NEGO<\/strong> la\u017e.<\/li>\n<\/ul>\n\n\n\n<h3 class=\"wp-block-heading\">Priprava izjave o dostopnosti<\/h3>\n\n\n\n<p>Izjava je bila pripravljena na podlagi <strong>ODDELEK ZA INTENZIVNO NEGO<\/strong> izvedeno <strong>Samoocenjevanje<\/strong> in oceno na\u0161e spletne agencije <a href=\"https:\/\/die.konzeptionisten.at\" target=\"_blank\" rel=\"noreferrer noopener\">die konzeptionisten GmbH<\/a> ustvarjen.<\/p>\n\n\n\n<p>Ta izjava je bila nazadnje posodobljena <strong>09.06.2025<\/strong> preverjeno.<\/p>\n\n\n\n<h3 class=\"wp-block-heading\">Povratne informacije in kontaktni podatki<\/h3>\n\n\n\n<p>\u010ce na na\u0161em spletnem mestu opazite ovire ali potrebujete informacije o nedostopni vsebini, nam pi\u0161ite po e-po\u0161ti:<\/p>\n\n\n\n<p><strong>ICUserver GmbH<\/strong><br>? info@icuserver.com<\/p>\n\n\n\n<h3 class=\"wp-block-heading\">Izvr\u0161ilni postopki<\/h3>\n\n\n\n<p>V primeru nezadovoljivih odgovorov iz zgoraj navedenih kontaktnih mo\u017enosti lahko vlo\u017eite prito\u017ebo pri <strong>Urad za prito\u017ebe Avstrijske agencije za spodbujanje raziskav z omejeno odgovornostjo (FFG)<\/strong> stik. FFG sprejema prijave prek <a href=\"https:\/\/www.digitalbarrierefrei.at\/de\/beschwerde-einreichen\/informationen-zum-beschwerdeprozess\" target=\"_blank\" rel=\"noreferrer noopener nofollow\">Kontaktni obrazec urada za prito\u017ebe<\/a> prito\u017ebe v elektronski obliki.<\/p>\n\n\n\n<p>FFG preu\u010di prito\u017ebe, da ugotovi, ali se nana\u0161ajo na kr\u0161itve dolo\u010db zakona o dostopnosti spleta, zlasti na pomanjkljivosti pri izpolnjevanju zahtev glede dostopnosti s strani zvezne vlade ali organizacije, ki jo je mogo\u010de pripisati tej vladi.<\/p>\n\n\n\n<p>\u010ce je prito\u017eba upravi\u010dena, mora FFG zvezni vladi ali zadevnim pravnim subjektom podati priporo\u010dila za ukrepanje in predlagati ukrepe za odpravo obstoje\u010dih pomanjkljivosti.<\/p>","protected":false},"excerpt":{"rendered":"<p>Die ICUserver GmbH und NatureWebServices GmbH, fortlaufend als &#8222;ICU&#8220; angef\u00fchrt und vertreten durch Herrn Mag. Burkhard Weiss ist bem\u00fcht, ihre Websiten im Einklang mit dem Bundesgesetz \u00fcber den barrierefreien Zugang zu Websites und mobilen Anwendungen des Bundes (Web-Zug\u00e4nglichkeits-Gesetz \u2013 WZG) BGBl. I. Nr. 59\/2019 idgF, barrierefrei zug\u00e4nglich zu machen. Diese Erkl\u00e4rung zur Barrierefreiheit gilt f\u00fcr [&hellip;]<\/p>\n","protected":false},"author":2,"featured_media":0,"parent":0,"menu_order":0,"comment_status":"closed","ping_status":"closed","template":"","meta":{"footnotes":""},"class_list":["post-3420","page","type-page","status-publish","hentry"],"_links":{"self":[{"href":"https:\/\/help.icuserver.com\/sl\/wp-json\/wp\/v2\/pages\/3420","targetHints":{"allow":["GET"]}}],"collection":[{"href":"https:\/\/help.icuserver.com\/sl\/wp-json\/wp\/v2\/pages"}],"about":[{"href":"https:\/\/help.icuserver.com\/sl\/wp-json\/wp\/v2\/types\/page"}],"author":[{"embeddable":true,"href":"https:\/\/help.icuserver.com\/sl\/wp-json\/wp\/v2\/users\/2"}],"replies":[{"embeddable":true,"href":"https:\/\/help.icuserver.com\/sl\/wp-json\/wp\/v2\/comments?post=3420"}],"version-history":[{"count":2,"href":"https:\/\/help.icuserver.com\/sl\/wp-json\/wp\/v2\/pages\/3420\/revisions"}],"predecessor-version":[{"id":3422,"href":"https:\/\/help.icuserver.com\/sl\/wp-json\/wp\/v2\/pages\/3420\/revisions\/3422"}],"wp:attachment":[{"href":"https:\/\/help.icuserver.com\/sl\/wp-json\/wp\/v2\/media?parent=3420"}],"curies":[{"name":"wp","href":"https:\/\/api.w.org\/{rel}","templated":true}]}}